{"id":163078,"date":"2022-09-28T18:15:44","date_gmt":"2022-09-28T18:15:44","guid":{"rendered":"http:\/\/climalife.com\/product\/r-507a\/"},"modified":"2025-09-04T13:58:25","modified_gmt":"2025-09-04T13:58:25","slug":"r-507a","status":"publish","type":"product","link":"https:\/\/climalife.com\/fr\/product\/r-507a\/","title":{"rendered":"R-507A"},"content":{"rendered":"<p>Pour les installations neuves comprenant des \u00e9vaporateurs noy\u00e9s comme par exemple dans les patinoires.<\/p>\n","protected":false},"excerpt":{"rendered":"<p>Le R-507A est un m\u00e9lange de remplacement &#8220;az\u00e9otropique&#8221;, de type HFC utilis\u00e9 en r\u00e9frig\u00e9ration industrielle.<\/p>\n","protected":false},"featured_media":108648,"comment_status":"open","ping_status":"closed","template":"","meta":[],"countries":[4674,4709,4756,4813,4831,4862],"product_brand":[],"product_cat":[9981,9936,9972,9990,9954,9442,13125,9963],"product_tag":[],"class_list":{"0":"post-163078","1":"product","2":"type-product","3":"status-publish","4":"has-post-thumbnail","6":"countries-by","7":"countries-cu","8":"countries-ir","9":"countries-kp","10":"countries-ru","11":"countries-sy","12":"product_cat-aeronautique-aerospatial-defense","13":"product_cat-agroalimentaire","14":"product_cat-automobile-transport","15":"product_cat-autres-industries","16":"product_cat-energie","17":"product_cat-hfc-fr-33","18":"product_cat-refrigeration-fr","19":"product_cat-sante-bien-etre","20":"pa_packaging-bouteille-52-l-fr-72","21":"pa_packaging-conteneur-930-l-fr-76","22":"pa_packaging-friostar-fr-69","24":"first","25":"instock","26":"shipping-taxable","27":"purchasable","28":"product-type-variable"},"_links":{"self":[{"href":"https:\/\/climalife.com\/fr\/wp-json\/wp\/v2\/product\/163078","targetHints":{"allow":["GET"]}}],"collection":[{"href":"https:\/\/climalife.com\/fr\/wp-json\/wp\/v2\/product"}],"about":[{"href":"https:\/\/climalife.com\/fr\/wp-json\/wp\/v2\/types\/product"}],"replies":[{"embeddable":true,"href":"https:\/\/climalife.com\/fr\/wp-json\/wp\/v2\/comments?post=163078"}],"wp:featuredmedia":[{"embeddable":true,"href":"https:\/\/climalife.com\/fr\/wp-json\/wp\/v2\/media\/108648"}],"wp:attachment":[{"href":"https:\/\/climalife.com\/fr\/wp-json\/wp\/v2\/media?parent=163078"}],"wp:term":[{"taxonomy":"countries","embeddable":true,"href":"https:\/\/climalife.com\/fr\/wp-json\/wp\/v2\/countries?post=163078"},{"taxonomy":"product_brand","embeddable":true,"href":"https:\/\/climalife.com\/fr\/wp-json\/wp\/v2\/product_brand?post=163078"},{"taxonomy":"product_cat","embeddable":true,"href":"https:\/\/climalife.com\/fr\/wp-json\/wp\/v2\/product_cat?post=163078"},{"taxonomy":"product_tag","embeddable":true,"href":"https:\/\/climalife.com\/fr\/wp-json\/wp\/v2\/product_tag?post=163078"}],"curies":[{"name":"wp","href":"https:\/\/api.w.org\/{rel}","templated":true}]}}