{"id":163191,"date":"2022-09-28T18:17:38","date_gmt":"2022-09-28T18:17:38","guid":{"rendered":"http:\/\/climalife.com\/product\/novexpans-n-pentane-cyclopentane-70-30\/"},"modified":"2024-09-26T13:54:10","modified_gmt":"2024-09-26T13:54:10","slug":"novexpans-n-pentane-cyclopentane-70-30","status":"publish","type":"product","link":"https:\/\/climalife.com\/fr\/product\/novexpans-n-pentane-cyclopentane-70-30\/","title":{"rendered":"NOVEXPANS\u2122 n-pentane\/cyclopentane (70\/30)"},"content":{"rendered":"<p>Son classement H225 en fait un atout pour r\u00e9pondre \u00e0 la l\u00e9gislation sur le stockage des produits inflammables.<br \/>\nLa tr\u00e8s bonne tenue m\u00e9canique de la mousse obtenue est particuli\u00e8rement appr\u00e9ci\u00e9e dans la fabrication en continu des panneaux d\u2019isolation. Economique et inoffensif vis \u00e0 vis de la couche d\u2019ozone.<\/p>\n","protected":false},"excerpt":{"rendered":"<p>Le NOVEXPANS<sup>\u2122<\/sup> n-pentane\/cyclopentane (70\/30) est un m\u00e9lange de n-pentane et de cyclopentane aux sp\u00e9cifications garanties utilis\u00e9 comme agent porog\u00e8ne pour l\u2019expansion des mousses polyur\u00e9thanes rigides.<\/p>\n","protected":false},"featured_media":200116,"comment_status":"open","ping_status":"closed","template":"","meta":[],"countries":[4674,4709,4756,4813,4831,4862],"product_brand":[],"product_cat":[9936,9972,9990,9945,9505,13100],"product_tag":[],"class_list":{"0":"post-163191","1":"product","2":"type-product","3":"status-publish","4":"has-post-thumbnail","6":"countries-by","7":"countries-cu","8":"countries-ir","9":"countries-kp","10":"countries-ru","11":"countries-sy","12":"product_cat-agroalimentaire","13":"product_cat-automobile-transport","14":"product_cat-autres-industries","15":"product_cat-batiment","16":"product_cat-hydrocarbures","17":"product_cat-isolation","18":"pa_packaging-conteneur-930-l-fr-76","19":"pa_packaging-fut-217-l-fr-30","20":"pa_packaging-vrac-fr-168","22":"first","23":"instock","24":"shipping-taxable","25":"purchasable","26":"product-type-variable"},"_links":{"self":[{"href":"https:\/\/climalife.com\/fr\/wp-json\/wp\/v2\/product\/163191","targetHints":{"allow":["GET"]}}],"collection":[{"href":"https:\/\/climalife.com\/fr\/wp-json\/wp\/v2\/product"}],"about":[{"href":"https:\/\/climalife.com\/fr\/wp-json\/wp\/v2\/types\/product"}],"replies":[{"embeddable":true,"href":"https:\/\/climalife.com\/fr\/wp-json\/wp\/v2\/comments?post=163191"}],"wp:featuredmedia":[{"embeddable":true,"href":"https:\/\/climalife.com\/fr\/wp-json\/wp\/v2\/media\/200116"}],"wp:attachment":[{"href":"https:\/\/climalife.com\/fr\/wp-json\/wp\/v2\/media?parent=163191"}],"wp:term":[{"taxonomy":"countries","embeddable":true,"href":"https:\/\/climalife.com\/fr\/wp-json\/wp\/v2\/countries?post=163191"},{"taxonomy":"product_brand","embeddable":true,"href":"https:\/\/climalife.com\/fr\/wp-json\/wp\/v2\/product_brand?post=163191"},{"taxonomy":"product_cat","embeddable":true,"href":"https:\/\/climalife.com\/fr\/wp-json\/wp\/v2\/product_cat?post=163191"},{"taxonomy":"product_tag","embeddable":true,"href":"https:\/\/climalife.com\/fr\/wp-json\/wp\/v2\/product_tag?post=163191"}],"curies":[{"name":"wp","href":"https:\/\/api.w.org\/{rel}","templated":true}]}}