{"id":163203,"date":"2022-09-28T18:17:48","date_gmt":"2022-09-28T18:17:48","guid":{"rendered":"http:\/\/climalife.com\/product\/novaspray-n-butane-isobutane-15-bar\/"},"modified":"2026-02-17T08:30:08","modified_gmt":"2026-02-17T08:30:08","slug":"novaspray-n-butane-isobutane-15-bar","status":"publish","type":"product","link":"https:\/\/climalife.com\/fr\/product\/novaspray-n-butane-isobutane-15-bar\/","title":{"rendered":"NovaSpray\u2122 n-butane\/isobutane 1,5 bar"},"content":{"rendered":"<p>&#8211; Il peut \u00eatre m\u00e9lang\u00e9 avec le NovaSpray<sup>TM<\/sup> propane.<br \/>\n&#8211; Il est tr\u00e8s utilis\u00e9 en cosm\u00e9tique.<br \/>\n&#8211; Il est particuli\u00e8rement adapt\u00e9 pour les formulations de mousses cosm\u00e9tiques.Economique par sa faible densit\u00e9, il permet de r\u00e9duire fortement le poids de propulseur \u00e0 utiliser.<br \/>\n&#8211; Son excellente miscibilit\u00e9 avec la majorit\u00e9 des solvants lui conf\u00e8re une grande souplesse de formulation.<br \/>\n&#8211; Il est sans effet sur la couche d\u2019ozone et a un impact n\u00e9gligeable sur l\u2019effet de serre<\/p>\n","protected":false},"excerpt":{"rendered":"<p>De qualit\u00e9 constante, le m\u00e9lange NovaSpray<sup>TM<\/sup> n-butane\/isobutane 1,5 bar r\u00e9pond \u00e0 l\u2019ensemble des exigences requises pour un propulseur d\u00e9sodoris\u00e9.<\/p>\n","protected":false},"featured_media":202564,"comment_status":"open","ping_status":"closed","template":"","meta":[],"countries":[4674,4709,4756,4813,4831,4862],"product_brand":[],"product_cat":[9990,13118,9595],"product_tag":[],"class_list":{"0":"post-163203","1":"product","2":"type-product","3":"status-publish","4":"has-post-thumbnail","6":"countries-by","7":"countries-cu","8":"countries-ir","9":"countries-kp","10":"countries-ru","11":"countries-sy","12":"product_cat-autres-industries","13":"product_cat-propulseurs","14":"product_cat-hydrocarbures-fr-83","15":"pa_packaging-bouteille-26-l-fr-32","16":"pa_packaging-conteneur-448-l-fr-74","18":"first","19":"instock","20":"shipping-taxable","21":"purchasable","22":"product-type-variable"},"_links":{"self":[{"href":"https:\/\/climalife.com\/fr\/wp-json\/wp\/v2\/product\/163203","targetHints":{"allow":["GET"]}}],"collection":[{"href":"https:\/\/climalife.com\/fr\/wp-json\/wp\/v2\/product"}],"about":[{"href":"https:\/\/climalife.com\/fr\/wp-json\/wp\/v2\/types\/product"}],"replies":[{"embeddable":true,"href":"https:\/\/climalife.com\/fr\/wp-json\/wp\/v2\/comments?post=163203"}],"wp:featuredmedia":[{"embeddable":true,"href":"https:\/\/climalife.com\/fr\/wp-json\/wp\/v2\/media\/202564"}],"wp:attachment":[{"href":"https:\/\/climalife.com\/fr\/wp-json\/wp\/v2\/media?parent=163203"}],"wp:term":[{"taxonomy":"countries","embeddable":true,"href":"https:\/\/climalife.com\/fr\/wp-json\/wp\/v2\/countries?post=163203"},{"taxonomy":"product_brand","embeddable":true,"href":"https:\/\/climalife.com\/fr\/wp-json\/wp\/v2\/product_brand?post=163203"},{"taxonomy":"product_cat","embeddable":true,"href":"https:\/\/climalife.com\/fr\/wp-json\/wp\/v2\/product_cat?post=163203"},{"taxonomy":"product_tag","embeddable":true,"href":"https:\/\/climalife.com\/fr\/wp-json\/wp\/v2\/product_tag?post=163203"}],"curies":[{"name":"wp","href":"https:\/\/api.w.org\/{rel}","templated":true}]}}