{"id":163220,"date":"2022-09-28T18:17:58","date_gmt":"2022-09-28T18:17:58","guid":{"rendered":"http:\/\/climalife.com\/product\/bouteille-prelevement-ammoniac\/"},"modified":"2025-08-07T10:06:20","modified_gmt":"2025-08-07T10:06:20","slug":"bouteille-prelevement-ammoniac","status":"publish","type":"product","link":"https:\/\/climalife.com\/fr\/product\/bouteille-prelevement-ammoniac\/","title":{"rendered":"Bouteille pr\u00e9l\u00e8vement ammoniac"},"content":{"rendered":"","protected":false},"excerpt":{"rendered":"<p>Bouteille pr\u00e9l\u00e8vement mise \u00e0 disposition pour l\u2019analyse de fluide frigorig\u00e8ne ammoniac.<\/p>\n<p>&nbsp;<\/p>\n","protected":false},"featured_media":107532,"comment_status":"open","ping_status":"closed","template":"","meta":[],"countries":[4674,4709,4756,4813,4831,4854,4862],"product_brand":[],"product_cat":[9936,9990,13091,9244,13125],"product_tag":[],"class_list":{"0":"post-163220","1":"product","2":"type-product","3":"status-publish","4":"has-post-thumbnail","6":"countries-by","7":"countries-cu","8":"countries-ir","9":"countries-kp","10":"countries-ru","11":"countries-es","12":"countries-sy","13":"product_cat-agroalimentaire","14":"product_cat-autres-industries","15":"product_cat-chauffage","16":"product_cat-analyses-fluides-frigorigenes","17":"product_cat-refrigeration-fr","18":"pa_packaging-unite-fr-25","20":"first","21":"instock","22":"shipping-taxable","23":"purchasable","24":"product-type-variable"},"_links":{"self":[{"href":"https:\/\/climalife.com\/fr\/wp-json\/wp\/v2\/product\/163220","targetHints":{"allow":["GET"]}}],"collection":[{"href":"https:\/\/climalife.com\/fr\/wp-json\/wp\/v2\/product"}],"about":[{"href":"https:\/\/climalife.com\/fr\/wp-json\/wp\/v2\/types\/product"}],"replies":[{"embeddable":true,"href":"https:\/\/climalife.com\/fr\/wp-json\/wp\/v2\/comments?post=163220"}],"wp:featuredmedia":[{"embeddable":true,"href":"https:\/\/climalife.com\/fr\/wp-json\/wp\/v2\/media\/107532"}],"wp:attachment":[{"href":"https:\/\/climalife.com\/fr\/wp-json\/wp\/v2\/media?parent=163220"}],"wp:term":[{"taxonomy":"countries","embeddable":true,"href":"https:\/\/climalife.com\/fr\/wp-json\/wp\/v2\/countries?post=163220"},{"taxonomy":"product_brand","embeddable":true,"href":"https:\/\/climalife.com\/fr\/wp-json\/wp\/v2\/product_brand?post=163220"},{"taxonomy":"product_cat","embeddable":true,"href":"https:\/\/climalife.com\/fr\/wp-json\/wp\/v2\/product_cat?post=163220"},{"taxonomy":"product_tag","embeddable":true,"href":"https:\/\/climalife.com\/fr\/wp-json\/wp\/v2\/product_tag?post=163220"}],"curies":[{"name":"wp","href":"https:\/\/api.w.org\/{rel}","templated":true}]}}