{"id":163232,"date":"2022-09-28T18:18:08","date_gmt":"2022-09-28T18:18:08","guid":{"rendered":"http:\/\/climalife.com\/product\/r-417a-freontm-mo59\/"},"modified":"2024-11-28T13:25:35","modified_gmt":"2024-11-28T13:25:35","slug":"r-417a-freontm-mo59","status":"publish","type":"product","link":"https:\/\/climalife.com\/fr\/product\/r-417a-freontm-mo59\/","title":{"rendered":"R-417A (Freon\u2122 MO59)"},"content":{"rendered":"<p>Il est destin\u00e9 \u00e0 remplacer le R-22 (HCFC) dans le domaine de la climatisation et du conditionnement d&#8217;air. Il peut \u00eatre utilis\u00e9 en &#8220;drop-in&#8221; du R-22 dans les installations existantes en d\u00e9tente directe.<\/p>\n","protected":false},"excerpt":{"rendered":"<p>Le R-417A (Freon\u2122 MO59) est un m\u00e9lange de remplacement z\u00e9otropique de type HFC.<\/p>\n","protected":false},"featured_media":108621,"comment_status":"open","ping_status":"closed","template":"","meta":[],"countries":[4674,4709,4756,4813,4831,4862],"product_brand":[],"product_cat":[9945,13056,13091,13125,9442],"product_tag":[],"class_list":{"0":"post-163232","1":"product","2":"type-product","3":"status-publish","4":"has-post-thumbnail","6":"countries-by","7":"countries-cu","8":"countries-ir","9":"countries-kp","10":"countries-ru","11":"countries-sy","12":"product_cat-batiment","13":"product_cat-climatisation","14":"product_cat-chauffage","15":"product_cat-refrigeration-fr","16":"product_cat-hfc-fr-33","17":"pa_packaging-bouteille-52-l-fr-72","18":"pa_packaging-cubikool","20":"first","21":"instock","22":"shipping-taxable","23":"purchasable","24":"product-type-variable"},"_links":{"self":[{"href":"https:\/\/climalife.com\/fr\/wp-json\/wp\/v2\/product\/163232","targetHints":{"allow":["GET"]}}],"collection":[{"href":"https:\/\/climalife.com\/fr\/wp-json\/wp\/v2\/product"}],"about":[{"href":"https:\/\/climalife.com\/fr\/wp-json\/wp\/v2\/types\/product"}],"replies":[{"embeddable":true,"href":"https:\/\/climalife.com\/fr\/wp-json\/wp\/v2\/comments?post=163232"}],"wp:featuredmedia":[{"embeddable":true,"href":"https:\/\/climalife.com\/fr\/wp-json\/wp\/v2\/media\/108621"}],"wp:attachment":[{"href":"https:\/\/climalife.com\/fr\/wp-json\/wp\/v2\/media?parent=163232"}],"wp:term":[{"taxonomy":"countries","embeddable":true,"href":"https:\/\/climalife.com\/fr\/wp-json\/wp\/v2\/countries?post=163232"},{"taxonomy":"product_brand","embeddable":true,"href":"https:\/\/climalife.com\/fr\/wp-json\/wp\/v2\/product_brand?post=163232"},{"taxonomy":"product_cat","embeddable":true,"href":"https:\/\/climalife.com\/fr\/wp-json\/wp\/v2\/product_cat?post=163232"},{"taxonomy":"product_tag","embeddable":true,"href":"https:\/\/climalife.com\/fr\/wp-json\/wp\/v2\/product_tag?post=163232"}],"curies":[{"name":"wp","href":"https:\/\/api.w.org\/{rel}","templated":true}]}}