{"id":163248,"date":"2022-09-28T18:18:31","date_gmt":"2022-09-28T18:18:31","guid":{"rendered":"http:\/\/climalife.com\/product\/novaspray-n-butane-isobutane-propane-54-24-22\/"},"modified":"2025-04-02T12:25:46","modified_gmt":"2025-04-02T12:25:46","slug":"novaspray-n-butane-isobutane-propane-54-24-22","status":"publish","type":"product","link":"https:\/\/climalife.com\/fr\/product\/novaspray-n-butane-isobutane-propane-54-24-22\/","title":{"rendered":"NovaSpray\u2122 n-butane\/isobutane\/propane (54\/24\/22)"},"content":{"rendered":"<p>De qualit\u00e9 constante et de pression contr\u00f4l\u00e9e, il r\u00e9pond \u00e0 l\u2019ensemble des exigences requises pour un propulseur.<br \/>\n&#8211; Il est particuli\u00e8rement adapt\u00e9 pour les formulations de mousse cosm\u00e9tique.<br \/>\n&#8211; Economique de part sa faible densit\u00e9, il permet de r\u00e9duire fortement le poids de propulseur \u00e0 utiliser.<br \/>\n&#8211; Son excellente miscibilit\u00e9 avec la majorit\u00e9 des solvants lui conf\u00e8re une grande souplesse de formulation.<br \/>\n&#8211; Il est sans effet sur la couche d\u2019ozone et a un impact n\u00e9gligeable sur l\u2019effet de serre.<\/p>\n","protected":false},"excerpt":{"rendered":"<p>Le NovaSpray\u2122 n-butane\/isobutane\/propane (54\/24\/22) est un m\u00e9lange de NovaSpray\u2122 n-butane, de NovaSpray\u2122 isobutane et de NovaSpray\u2122 propane grade a\u00e9rosol sp\u00e9cialement d\u00e9sodoris\u00e9.<\/p>\n","protected":false},"featured_media":200116,"comment_status":"open","ping_status":"closed","template":"","meta":[],"countries":[4674,4709,4756,4813,4831,4862],"product_brand":[],"product_cat":[9963,9990,13118,9595],"product_tag":[],"class_list":{"0":"post-163248","1":"product","2":"type-product","3":"status-publish","4":"has-post-thumbnail","6":"countries-by","7":"countries-cu","8":"countries-ir","9":"countries-kp","10":"countries-ru","11":"countries-sy","12":"product_cat-sante-bien-etre","13":"product_cat-autres-industries","14":"product_cat-propulseurs","15":"product_cat-hydrocarbures-fr-83","16":"pa_packaging-bouteille-26-l-fr-32","17":"pa_packaging-bouteille-88-l-fr-122","18":"pa_packaging-conteneur-930-l-fr-76","20":"first","21":"instock","22":"shipping-taxable","23":"purchasable","24":"product-type-variable"},"_links":{"self":[{"href":"https:\/\/climalife.com\/fr\/wp-json\/wp\/v2\/product\/163248","targetHints":{"allow":["GET"]}}],"collection":[{"href":"https:\/\/climalife.com\/fr\/wp-json\/wp\/v2\/product"}],"about":[{"href":"https:\/\/climalife.com\/fr\/wp-json\/wp\/v2\/types\/product"}],"replies":[{"embeddable":true,"href":"https:\/\/climalife.com\/fr\/wp-json\/wp\/v2\/comments?post=163248"}],"wp:featuredmedia":[{"embeddable":true,"href":"https:\/\/climalife.com\/fr\/wp-json\/wp\/v2\/media\/200116"}],"wp:attachment":[{"href":"https:\/\/climalife.com\/fr\/wp-json\/wp\/v2\/media?parent=163248"}],"wp:term":[{"taxonomy":"countries","embeddable":true,"href":"https:\/\/climalife.com\/fr\/wp-json\/wp\/v2\/countries?post=163248"},{"taxonomy":"product_brand","embeddable":true,"href":"https:\/\/climalife.com\/fr\/wp-json\/wp\/v2\/product_brand?post=163248"},{"taxonomy":"product_cat","embeddable":true,"href":"https:\/\/climalife.com\/fr\/wp-json\/wp\/v2\/product_cat?post=163248"},{"taxonomy":"product_tag","embeddable":true,"href":"https:\/\/climalife.com\/fr\/wp-json\/wp\/v2\/product_tag?post=163248"}],"curies":[{"name":"wp","href":"https:\/\/api.w.org\/{rel}","templated":true}]}}