{"id":163260,"date":"2022-09-28T18:18:41","date_gmt":"2022-09-28T18:18:41","guid":{"rendered":"http:\/\/climalife.com\/product\/r-422a-freontm-mo79\/"},"modified":"2024-11-28T13:26:26","modified_gmt":"2024-11-28T13:26:26","slug":"r-422a-freontm-mo79","status":"publish","type":"product","link":"https:\/\/climalife.com\/fr\/product\/r-422a-freontm-mo79\/","title":{"rendered":"R-422A (Freon\u2122 MO79 )"},"content":{"rendered":"<p>Il peut \u00eatre utilis\u00e9 pour la r\u00e9alisation d&#8217;installations de r\u00e9frig\u00e9ration n\u00e9gative dans le domaine de la grande distribution et en agroalimentaire.<\/p>\n","protected":false},"excerpt":{"rendered":"<p>Le R-422A (FreonTM MO79) est un m\u00e9lange z\u00e9otropique de type HFC destin\u00e9 au remplacement des produits \u00e0 base de R-22, rempla\u00e7ants \u00e0 l&#8217;origine le R-502, utilis\u00e9s dans les applications de froid n\u00e9gatif.<\/p>\n","protected":false},"featured_media":108639,"comment_status":"open","ping_status":"closed","template":"","meta":[],"countries":[4674,4709,4756,4813,4831,4862],"product_brand":[],"product_cat":[9936,9442,13125],"product_tag":[],"class_list":{"0":"post-163260","1":"product","2":"type-product","3":"status-publish","4":"has-post-thumbnail","6":"countries-by","7":"countries-cu","8":"countries-ir","9":"countries-kp","10":"countries-ru","11":"countries-sy","12":"product_cat-agroalimentaire","13":"product_cat-hfc-fr-33","14":"product_cat-refrigeration-fr","15":"pa_packaging-bouteille-52-l-fr-72","16":"pa_packaging-cubikool","18":"first","19":"instock","20":"shipping-taxable","21":"purchasable","22":"product-type-variable"},"_links":{"self":[{"href":"https:\/\/climalife.com\/fr\/wp-json\/wp\/v2\/product\/163260","targetHints":{"allow":["GET"]}}],"collection":[{"href":"https:\/\/climalife.com\/fr\/wp-json\/wp\/v2\/product"}],"about":[{"href":"https:\/\/climalife.com\/fr\/wp-json\/wp\/v2\/types\/product"}],"replies":[{"embeddable":true,"href":"https:\/\/climalife.com\/fr\/wp-json\/wp\/v2\/comments?post=163260"}],"wp:featuredmedia":[{"embeddable":true,"href":"https:\/\/climalife.com\/fr\/wp-json\/wp\/v2\/media\/108639"}],"wp:attachment":[{"href":"https:\/\/climalife.com\/fr\/wp-json\/wp\/v2\/media?parent=163260"}],"wp:term":[{"taxonomy":"countries","embeddable":true,"href":"https:\/\/climalife.com\/fr\/wp-json\/wp\/v2\/countries?post=163260"},{"taxonomy":"product_brand","embeddable":true,"href":"https:\/\/climalife.com\/fr\/wp-json\/wp\/v2\/product_brand?post=163260"},{"taxonomy":"product_cat","embeddable":true,"href":"https:\/\/climalife.com\/fr\/wp-json\/wp\/v2\/product_cat?post=163260"},{"taxonomy":"product_tag","embeddable":true,"href":"https:\/\/climalife.com\/fr\/wp-json\/wp\/v2\/product_tag?post=163260"}],"curies":[{"name":"wp","href":"https:\/\/api.w.org\/{rel}","templated":true}]}}