{"id":163269,"date":"2022-09-28T18:18:54","date_gmt":"2022-09-28T18:18:54","guid":{"rendered":"http:\/\/climalife.com\/product\/bouteille-prelevement-moyenne-pression\/"},"modified":"2025-08-07T10:06:50","modified_gmt":"2025-08-07T10:06:50","slug":"bouteille-prelevement-moyenne-pression","status":"publish","type":"product","link":"https:\/\/climalife.com\/fr\/product\/bouteille-prelevement-moyenne-pression\/","title":{"rendered":"Bouteille pr\u00e9l\u00e8vement moyenne pression"},"content":{"rendered":"","protected":false},"excerpt":{"rendered":"<p>Bouteille pr\u00e9l\u00e8vement mise \u00e0 disposition.<\/p>\n","protected":false},"featured_media":108450,"comment_status":"open","ping_status":"closed","template":"","meta":[],"countries":[4674,4709,4756,4813,4831,4854,4862],"product_brand":[],"product_cat":[9981,9936,9972,9990,9945,13091,13056,9244,13125,9963],"product_tag":[],"class_list":{"0":"post-163269","1":"product","2":"type-product","3":"status-publish","4":"has-post-thumbnail","6":"countries-by","7":"countries-cu","8":"countries-ir","9":"countries-kp","10":"countries-ru","11":"countries-es","12":"countries-sy","13":"product_cat-aeronautique-aerospatial-defense","14":"product_cat-agroalimentaire","15":"product_cat-automobile-transport","16":"product_cat-autres-industries","17":"product_cat-batiment","18":"product_cat-chauffage","19":"product_cat-climatisation","20":"product_cat-analyses-fluides-frigorigenes","21":"product_cat-refrigeration-fr","22":"product_cat-sante-bien-etre","23":"pa_packaging-unite-fr-25","25":"first","26":"instock","27":"shipping-taxable","28":"purchasable","29":"product-type-variable"},"_links":{"self":[{"href":"https:\/\/climalife.com\/fr\/wp-json\/wp\/v2\/product\/163269","targetHints":{"allow":["GET"]}}],"collection":[{"href":"https:\/\/climalife.com\/fr\/wp-json\/wp\/v2\/product"}],"about":[{"href":"https:\/\/climalife.com\/fr\/wp-json\/wp\/v2\/types\/product"}],"replies":[{"embeddable":true,"href":"https:\/\/climalife.com\/fr\/wp-json\/wp\/v2\/comments?post=163269"}],"wp:featuredmedia":[{"embeddable":true,"href":"https:\/\/climalife.com\/fr\/wp-json\/wp\/v2\/media\/108450"}],"wp:attachment":[{"href":"https:\/\/climalife.com\/fr\/wp-json\/wp\/v2\/media?parent=163269"}],"wp:term":[{"taxonomy":"countries","embeddable":true,"href":"https:\/\/climalife.com\/fr\/wp-json\/wp\/v2\/countries?post=163269"},{"taxonomy":"product_brand","embeddable":true,"href":"https:\/\/climalife.com\/fr\/wp-json\/wp\/v2\/product_brand?post=163269"},{"taxonomy":"product_cat","embeddable":true,"href":"https:\/\/climalife.com\/fr\/wp-json\/wp\/v2\/product_cat?post=163269"},{"taxonomy":"product_tag","embeddable":true,"href":"https:\/\/climalife.com\/fr\/wp-json\/wp\/v2\/product_tag?post=163269"}],"curies":[{"name":"wp","href":"https:\/\/api.w.org\/{rel}","templated":true}]}}