{"id":163275,"date":"2022-09-28T18:19:06","date_gmt":"2022-09-28T18:19:06","guid":{"rendered":"http:\/\/climalife.com\/product\/novexpans-n-pentane-isopentane-85-15\/"},"modified":"2024-09-26T14:01:26","modified_gmt":"2024-09-26T14:01:26","slug":"novexpans-n-pentane-isopentane-85-15","status":"publish","type":"product","link":"https:\/\/climalife.com\/fr\/product\/novexpans-n-pentane-isopentane-85-15\/","title":{"rendered":"NOVEXPANS\u2122 n-pentane\/isopentane (85\/15)"},"content":{"rendered":"<p>Economique et inoffensif pour la couche d\u2019ozone, il est sp\u00e9cialement adapt\u00e9 \u00e0 la fabrication de panneaux isolants.<\/p>\n","protected":false},"excerpt":{"rendered":"<p>Le NOVEXPANS\u2122 n-pentane\/isopentane (85\/15) est un m\u00e9lange de n-pentane et d\u2019isopentane aux sp\u00e9cifications garanties utilis\u00e9 comme agent porog\u00e8ne pour l\u2019expansion des mousses polyur\u00e9thanes rigides.<\/p>\n","protected":false},"featured_media":202564,"comment_status":"open","ping_status":"closed","template":"","meta":[],"countries":[4674,4709,4756,4813,4831,4862],"product_brand":[],"product_cat":[9945,9990,13100,9505],"product_tag":[],"class_list":{"0":"post-163275","1":"product","2":"type-product","3":"status-publish","4":"has-post-thumbnail","6":"countries-by","7":"countries-cu","8":"countries-ir","9":"countries-kp","10":"countries-ru","11":"countries-sy","12":"product_cat-batiment","13":"product_cat-autres-industries","14":"product_cat-isolation","15":"product_cat-hydrocarbures","16":"pa_packaging-bouteille-26-l-fr-32","17":"pa_packaging-conteneur-930-l-fr-76","18":"pa_packaging-fut-217-l-fr-30","19":"pa_packaging-fut-30-l-fr-78","20":"pa_packaging-vrac-fr-168","22":"first","23":"instock","24":"shipping-taxable","25":"purchasable","26":"product-type-variable"},"_links":{"self":[{"href":"https:\/\/climalife.com\/fr\/wp-json\/wp\/v2\/product\/163275","targetHints":{"allow":["GET"]}}],"collection":[{"href":"https:\/\/climalife.com\/fr\/wp-json\/wp\/v2\/product"}],"about":[{"href":"https:\/\/climalife.com\/fr\/wp-json\/wp\/v2\/types\/product"}],"replies":[{"embeddable":true,"href":"https:\/\/climalife.com\/fr\/wp-json\/wp\/v2\/comments?post=163275"}],"wp:featuredmedia":[{"embeddable":true,"href":"https:\/\/climalife.com\/fr\/wp-json\/wp\/v2\/media\/202564"}],"wp:attachment":[{"href":"https:\/\/climalife.com\/fr\/wp-json\/wp\/v2\/media?parent=163275"}],"wp:term":[{"taxonomy":"countries","embeddable":true,"href":"https:\/\/climalife.com\/fr\/wp-json\/wp\/v2\/countries?post=163275"},{"taxonomy":"product_brand","embeddable":true,"href":"https:\/\/climalife.com\/fr\/wp-json\/wp\/v2\/product_brand?post=163275"},{"taxonomy":"product_cat","embeddable":true,"href":"https:\/\/climalife.com\/fr\/wp-json\/wp\/v2\/product_cat?post=163275"},{"taxonomy":"product_tag","embeddable":true,"href":"https:\/\/climalife.com\/fr\/wp-json\/wp\/v2\/product_tag?post=163275"}],"curies":[{"name":"wp","href":"https:\/\/api.w.org\/{rel}","templated":true}]}}