{"id":163294,"date":"2022-09-28T18:19:26","date_gmt":"2022-09-28T18:19:26","guid":{"rendered":"http:\/\/climalife.com\/product\/r-245fa\/"},"modified":"2025-09-04T14:33:56","modified_gmt":"2025-09-04T14:33:56","slug":"r-245fa","status":"publish","type":"product","link":"https:\/\/climalife.com\/fr\/product\/r-245fa\/","title":{"rendered":"R-245fa"},"content":{"rendered":"<p>Il peut aussi \u00eatre employ\u00e9 dans des installations de grandes puissances \u00e9quip\u00e9es de compresseurs centrifuges (un ou plusieurs \u00e9tages), en remplacement du HCFC R-123.<\/p>\n","protected":false},"excerpt":{"rendered":"<p>Le R-245fa est un compos\u00e9 hydrofluorocarbone (HFC). Il est utilis\u00e9 en installation neuve dans les domaines du conditionnement d&#8217;air industriel, en climatisation des b\u00e2timents et pour les syst\u00e8mes de r\u00e9cup\u00e9ration d\u2019\u00e9nergie en ambiance \u00e9lev\u00e9e.<\/p>\n","protected":false},"featured_media":130435,"comment_status":"open","ping_status":"closed","template":"","meta":[],"countries":[4674,4709,4756,4813,4831,4862],"product_brand":[],"product_cat":[9981,9945,13056,9954,9442,13109],"product_tag":[],"class_list":{"0":"post-163294","1":"product","2":"type-product","3":"status-publish","4":"has-post-thumbnail","6":"countries-by","7":"countries-cu","8":"countries-ir","9":"countries-kp","10":"countries-ru","11":"countries-sy","12":"product_cat-aeronautique-aerospatial-defense","13":"product_cat-batiment","14":"product_cat-climatisation","15":"product_cat-energie","16":"product_cat-hfc-fr-33","17":"product_cat-orc-cycle-organique-de-rankine","18":"pa_packaging-bouteille-52-l-fr-72","20":"first","21":"instock","22":"shipping-taxable","23":"purchasable","24":"product-type-variable"},"_links":{"self":[{"href":"https:\/\/climalife.com\/fr\/wp-json\/wp\/v2\/product\/163294","targetHints":{"allow":["GET"]}}],"collection":[{"href":"https:\/\/climalife.com\/fr\/wp-json\/wp\/v2\/product"}],"about":[{"href":"https:\/\/climalife.com\/fr\/wp-json\/wp\/v2\/types\/product"}],"replies":[{"embeddable":true,"href":"https:\/\/climalife.com\/fr\/wp-json\/wp\/v2\/comments?post=163294"}],"wp:featuredmedia":[{"embeddable":true,"href":"https:\/\/climalife.com\/fr\/wp-json\/wp\/v2\/media\/130435"}],"wp:attachment":[{"href":"https:\/\/climalife.com\/fr\/wp-json\/wp\/v2\/media?parent=163294"}],"wp:term":[{"taxonomy":"countries","embeddable":true,"href":"https:\/\/climalife.com\/fr\/wp-json\/wp\/v2\/countries?post=163294"},{"taxonomy":"product_brand","embeddable":true,"href":"https:\/\/climalife.com\/fr\/wp-json\/wp\/v2\/product_brand?post=163294"},{"taxonomy":"product_cat","embeddable":true,"href":"https:\/\/climalife.com\/fr\/wp-json\/wp\/v2\/product_cat?post=163294"},{"taxonomy":"product_tag","embeddable":true,"href":"https:\/\/climalife.com\/fr\/wp-json\/wp\/v2\/product_tag?post=163294"}],"curies":[{"name":"wp","href":"https:\/\/api.w.org\/{rel}","templated":true}]}}