{"id":163307,"date":"2022-09-28T18:19:37","date_gmt":"2022-09-28T18:19:37","guid":{"rendered":"http:\/\/climalife.com\/product\/r-422d-freontm-mo29\/"},"modified":"2024-11-28T13:27:26","modified_gmt":"2024-11-28T13:27:26","slug":"r-422d-freontm-mo29","status":"publish","type":"product","link":"https:\/\/climalife.com\/fr\/product\/r-422d-freontm-mo29\/","title":{"rendered":"R-422D (Freon\u2122 MO29)"},"content":{"rendered":"","protected":false},"excerpt":{"rendered":"<p>Le R-422D (Freon<sup>TM<\/sup> MO29) est un m\u00e9lange z\u00e9otropique de type HFC destin\u00e9 au remplacement du R-22 dans les syst\u00e8mes de type refroidisseurs de liquide.<\/p>\n","protected":false},"featured_media":108990,"comment_status":"open","ping_status":"closed","template":"","meta":[],"countries":[4674,4709,4756,4813,4831,4862],"product_brand":[],"product_cat":[9945,9936,13056,13125,9442],"product_tag":[],"class_list":{"0":"post-163307","1":"product","2":"type-product","3":"status-publish","4":"has-post-thumbnail","6":"countries-by","7":"countries-cu","8":"countries-ir","9":"countries-kp","10":"countries-ru","11":"countries-sy","12":"product_cat-batiment","13":"product_cat-agroalimentaire","14":"product_cat-climatisation","15":"product_cat-refrigeration-fr","16":"product_cat-hfc-fr-33","17":"pa_packaging-bouteille-52-l-fr-72","18":"pa_packaging-cubikool","20":"first","21":"instock","22":"shipping-taxable","23":"purchasable","24":"product-type-variable"},"_links":{"self":[{"href":"https:\/\/climalife.com\/fr\/wp-json\/wp\/v2\/product\/163307","targetHints":{"allow":["GET"]}}],"collection":[{"href":"https:\/\/climalife.com\/fr\/wp-json\/wp\/v2\/product"}],"about":[{"href":"https:\/\/climalife.com\/fr\/wp-json\/wp\/v2\/types\/product"}],"replies":[{"embeddable":true,"href":"https:\/\/climalife.com\/fr\/wp-json\/wp\/v2\/comments?post=163307"}],"wp:featuredmedia":[{"embeddable":true,"href":"https:\/\/climalife.com\/fr\/wp-json\/wp\/v2\/media\/108990"}],"wp:attachment":[{"href":"https:\/\/climalife.com\/fr\/wp-json\/wp\/v2\/media?parent=163307"}],"wp:term":[{"taxonomy":"countries","embeddable":true,"href":"https:\/\/climalife.com\/fr\/wp-json\/wp\/v2\/countries?post=163307"},{"taxonomy":"product_brand","embeddable":true,"href":"https:\/\/climalife.com\/fr\/wp-json\/wp\/v2\/product_brand?post=163307"},{"taxonomy":"product_cat","embeddable":true,"href":"https:\/\/climalife.com\/fr\/wp-json\/wp\/v2\/product_cat?post=163307"},{"taxonomy":"product_tag","embeddable":true,"href":"https:\/\/climalife.com\/fr\/wp-json\/wp\/v2\/product_tag?post=163307"}],"curies":[{"name":"wp","href":"https:\/\/api.w.org\/{rel}","templated":true}]}}