{"id":163318,"date":"2022-09-28T18:19:49","date_gmt":"2022-09-28T18:19:49","guid":{"rendered":"http:\/\/climalife.com\/product\/bouteille-prelevement-haute-pression\/"},"modified":"2025-08-07T10:07:10","modified_gmt":"2025-08-07T10:07:10","slug":"bouteille-prelevement-haute-pression","status":"publish","type":"product","link":"https:\/\/climalife.com\/fr\/product\/bouteille-prelevement-haute-pression\/","title":{"rendered":"Bouteille pr\u00e9l\u00e8vement haute pression"},"content":{"rendered":"","protected":false},"excerpt":{"rendered":"<p>Bouteille pr\u00e9l\u00e8vement mise \u00e0 disposition.<\/p>\n","protected":false},"featured_media":202705,"comment_status":"open","ping_status":"closed","template":"","meta":[],"countries":[4674,4709,4756,4813,4831,4862],"product_brand":[],"product_cat":[9981,9972,9945,9936,9963,9990,13056,13091,13125,9244],"product_tag":[],"class_list":{"0":"post-163318","1":"product","2":"type-product","3":"status-publish","4":"has-post-thumbnail","6":"countries-by","7":"countries-cu","8":"countries-ir","9":"countries-kp","10":"countries-ru","11":"countries-sy","12":"product_cat-aeronautique-aerospatial-defense","13":"product_cat-automobile-transport","14":"product_cat-batiment","15":"product_cat-agroalimentaire","16":"product_cat-sante-bien-etre","17":"product_cat-autres-industries","18":"product_cat-climatisation","19":"product_cat-chauffage","20":"product_cat-refrigeration-fr","21":"product_cat-analyses-fluides-frigorigenes","22":"pa_packaging-unite-fr-25","24":"first","25":"instock","26":"shipping-taxable","27":"purchasable","28":"product-type-variable"},"_links":{"self":[{"href":"https:\/\/climalife.com\/fr\/wp-json\/wp\/v2\/product\/163318","targetHints":{"allow":["GET"]}}],"collection":[{"href":"https:\/\/climalife.com\/fr\/wp-json\/wp\/v2\/product"}],"about":[{"href":"https:\/\/climalife.com\/fr\/wp-json\/wp\/v2\/types\/product"}],"replies":[{"embeddable":true,"href":"https:\/\/climalife.com\/fr\/wp-json\/wp\/v2\/comments?post=163318"}],"wp:featuredmedia":[{"embeddable":true,"href":"https:\/\/climalife.com\/fr\/wp-json\/wp\/v2\/media\/202705"}],"wp:attachment":[{"href":"https:\/\/climalife.com\/fr\/wp-json\/wp\/v2\/media?parent=163318"}],"wp:term":[{"taxonomy":"countries","embeddable":true,"href":"https:\/\/climalife.com\/fr\/wp-json\/wp\/v2\/countries?post=163318"},{"taxonomy":"product_brand","embeddable":true,"href":"https:\/\/climalife.com\/fr\/wp-json\/wp\/v2\/product_brand?post=163318"},{"taxonomy":"product_cat","embeddable":true,"href":"https:\/\/climalife.com\/fr\/wp-json\/wp\/v2\/product_cat?post=163318"},{"taxonomy":"product_tag","embeddable":true,"href":"https:\/\/climalife.com\/fr\/wp-json\/wp\/v2\/product_tag?post=163318"}],"curies":[{"name":"wp","href":"https:\/\/api.w.org\/{rel}","templated":true}]}}