{"id":163325,"date":"2022-09-28T18:20:00","date_gmt":"2022-09-28T18:20:00","guid":{"rendered":"http:\/\/climalife.com\/product\/novexpans-n-pentane-t\/"},"modified":"2026-03-11T09:21:51","modified_gmt":"2026-03-11T09:21:51","slug":"novexpans-n-pentane-t","status":"publish","type":"product","link":"https:\/\/climalife.com\/fr\/product\/novexpans-n-pentane-t\/","title":{"rendered":"NOVEXPANS\u2122 n-pentane T"},"content":{"rendered":"<p>La tr\u00e8s bonne tenue m\u00e9canique de la mousse obtenue est particuli\u00e8rement appr\u00e9ci\u00e9e dans la fabrication en continu des panneaux d\u2019isolation.<\/p>\n","protected":false},"excerpt":{"rendered":"<p>Le NOVEXPANS\u2122 n-pentane T est un n-pentane aux sp\u00e9cifications garanties (teneur \u00e9lev\u00e9e en n-pentane) utilis\u00e9 comme agent porog\u00e8ne pour l\u2019expansion des mousses polyur\u00e9thanes rigides.<\/p>\n","protected":false},"featured_media":200116,"comment_status":"open","ping_status":"closed","template":"","meta":[],"countries":[4674,4709,4756,4813,4831,4862],"product_brand":[],"product_cat":[9972,9945,9936,9990,13100,9505],"product_tag":[],"class_list":{"0":"post-163325","1":"product","2":"type-product","3":"status-publish","4":"has-post-thumbnail","6":"countries-by","7":"countries-cu","8":"countries-ir","9":"countries-kp","10":"countries-ru","11":"countries-sy","12":"product_cat-automobile-transport","13":"product_cat-batiment","14":"product_cat-agroalimentaire","15":"product_cat-autres-industries","16":"product_cat-isolation","17":"product_cat-hydrocarbures","18":"pa_packaging-conteneur-930-l-fr-76","19":"pa_packaging-fut-217-l-fr-30","20":"pa_packaging-vrac-fr-168","22":"first","23":"instock","24":"shipping-taxable","25":"purchasable","26":"product-type-variable"},"_links":{"self":[{"href":"https:\/\/climalife.com\/fr\/wp-json\/wp\/v2\/product\/163325","targetHints":{"allow":["GET"]}}],"collection":[{"href":"https:\/\/climalife.com\/fr\/wp-json\/wp\/v2\/product"}],"about":[{"href":"https:\/\/climalife.com\/fr\/wp-json\/wp\/v2\/types\/product"}],"replies":[{"embeddable":true,"href":"https:\/\/climalife.com\/fr\/wp-json\/wp\/v2\/comments?post=163325"}],"wp:featuredmedia":[{"embeddable":true,"href":"https:\/\/climalife.com\/fr\/wp-json\/wp\/v2\/media\/200116"}],"wp:attachment":[{"href":"https:\/\/climalife.com\/fr\/wp-json\/wp\/v2\/media?parent=163325"}],"wp:term":[{"taxonomy":"countries","embeddable":true,"href":"https:\/\/climalife.com\/fr\/wp-json\/wp\/v2\/countries?post=163325"},{"taxonomy":"product_brand","embeddable":true,"href":"https:\/\/climalife.com\/fr\/wp-json\/wp\/v2\/product_brand?post=163325"},{"taxonomy":"product_cat","embeddable":true,"href":"https:\/\/climalife.com\/fr\/wp-json\/wp\/v2\/product_cat?post=163325"},{"taxonomy":"product_tag","embeddable":true,"href":"https:\/\/climalife.com\/fr\/wp-json\/wp\/v2\/product_tag?post=163325"}],"curies":[{"name":"wp","href":"https:\/\/api.w.org\/{rel}","templated":true}]}}