{"id":163364,"date":"2022-09-28T18:20:45","date_gmt":"2022-09-28T18:20:45","guid":{"rendered":"http:\/\/climalife.com\/product\/novexpans-isobutane\/"},"modified":"2024-09-26T14:08:28","modified_gmt":"2024-09-26T14:08:28","slug":"novexpans-isobutane","status":"publish","type":"product","link":"https:\/\/climalife.com\/fr\/product\/novexpans-isobutane\/","title":{"rendered":"NOVEXPANS\u2122 isobutane"},"content":{"rendered":"<p>Il peut \u00eatre associ\u00e9 avec d\u2019autres hydrocarbures (propane, n-butane) pour l\u2019expansion de mousses polystyr\u00e8nes. Sans effet sur la couche d\u2019ozone, il est recommand\u00e9 pour la substitution des produits HCFC.<\/p>\n","protected":false},"excerpt":{"rendered":"<p>Le NOVEXPANS\u2122 isobutane est un gaz sp\u00e9cialement d\u00e9sodoris\u00e9 aux sp\u00e9cifications garanties utilis\u00e9 pour l\u2019expansion des mousses plastiques (poly\u00e9thyl\u00e8ne, polystyr\u00e8ne et PVC).<\/p>\n","protected":false},"featured_media":202564,"comment_status":"open","ping_status":"closed","template":"","meta":[],"countries":[4674,4709,4756,4813,4831,4862],"product_brand":[],"product_cat":[9972,9945,9936,9990,13100,9505],"product_tag":[],"class_list":{"0":"post-163364","1":"product","2":"type-product","3":"status-publish","4":"has-post-thumbnail","6":"countries-by","7":"countries-cu","8":"countries-ir","9":"countries-kp","10":"countries-ru","11":"countries-sy","12":"product_cat-automobile-transport","13":"product_cat-batiment","14":"product_cat-agroalimentaire","15":"product_cat-autres-industries","16":"product_cat-isolation","17":"product_cat-hydrocarbures","18":"pa_packaging-bouteille-26-l-fr-32","19":"pa_packaging-bouteille-88-l-fr-122","20":"pa_packaging-conteneur-930-l-fr-76","21":"pa_packaging-vrac-fr-168","23":"first","24":"instock","25":"shipping-taxable","26":"purchasable","27":"product-type-variable"},"_links":{"self":[{"href":"https:\/\/climalife.com\/fr\/wp-json\/wp\/v2\/product\/163364","targetHints":{"allow":["GET"]}}],"collection":[{"href":"https:\/\/climalife.com\/fr\/wp-json\/wp\/v2\/product"}],"about":[{"href":"https:\/\/climalife.com\/fr\/wp-json\/wp\/v2\/types\/product"}],"replies":[{"embeddable":true,"href":"https:\/\/climalife.com\/fr\/wp-json\/wp\/v2\/comments?post=163364"}],"wp:featuredmedia":[{"embeddable":true,"href":"https:\/\/climalife.com\/fr\/wp-json\/wp\/v2\/media\/202564"}],"wp:attachment":[{"href":"https:\/\/climalife.com\/fr\/wp-json\/wp\/v2\/media?parent=163364"}],"wp:term":[{"taxonomy":"countries","embeddable":true,"href":"https:\/\/climalife.com\/fr\/wp-json\/wp\/v2\/countries?post=163364"},{"taxonomy":"product_brand","embeddable":true,"href":"https:\/\/climalife.com\/fr\/wp-json\/wp\/v2\/product_brand?post=163364"},{"taxonomy":"product_cat","embeddable":true,"href":"https:\/\/climalife.com\/fr\/wp-json\/wp\/v2\/product_cat?post=163364"},{"taxonomy":"product_tag","embeddable":true,"href":"https:\/\/climalife.com\/fr\/wp-json\/wp\/v2\/product_tag?post=163364"}],"curies":[{"name":"wp","href":"https:\/\/api.w.org\/{rel}","templated":true}]}}