{"id":163439,"date":"2022-09-28T18:22:01","date_gmt":"2022-09-28T18:22:01","guid":{"rendered":"http:\/\/climalife.com\/product\/detecteur-gas-mate\/"},"modified":"2024-01-25T13:50:46","modified_gmt":"2024-01-25T13:50:46","slug":"detecteur-gas-mate","status":"publish","type":"product","link":"https:\/\/climalife.com\/fr\/product\/detecteur-gas-mate\/","title":{"rendered":"D\u00e9tecteur Gas-Mate"},"content":{"rendered":"<p>Alarme visuelle et sonore. Alimentation piles.<\/p>\n","protected":false},"excerpt":{"rendered":"<p>D\u00e9tecteur de fuites pour gaz combustibles : azote hydrog\u00e9n\u00e9, ammoniac, propane, butane,&#8230; Sensibilit\u00e9 r\u00e9glable (5 ppm de m\u00e9thane).<\/p>\n","protected":false},"featured_media":109323,"comment_status":"open","ping_status":"closed","template":"","meta":[],"countries":[4674,4709,4756,4813,4831,4862],"product_brand":[],"product_cat":[9981,9972,9945,9954,9936,9963,9990,13056,13109,13125,9370],"product_tag":[],"class_list":{"0":"post-163439","1":"product","2":"type-product","3":"status-publish","4":"has-post-thumbnail","6":"countries-by","7":"countries-cu","8":"countries-ir","9":"countries-kp","10":"countries-ru","11":"countries-sy","12":"product_cat-aeronautique-aerospatial-defense","13":"product_cat-automobile-transport","14":"product_cat-batiment","15":"product_cat-energie","16":"product_cat-agroalimentaire","17":"product_cat-sante-bien-etre","18":"product_cat-autres-industries","19":"product_cat-climatisation","20":"product_cat-orc-cycle-organique-de-rankine","21":"product_cat-refrigeration-fr","22":"product_cat-detection-portable","23":"pa_packaging-unite-fr-25","25":"first","26":"instock","27":"shipping-taxable","28":"purchasable","29":"product-type-variable"},"_links":{"self":[{"href":"https:\/\/climalife.com\/fr\/wp-json\/wp\/v2\/product\/163439","targetHints":{"allow":["GET"]}}],"collection":[{"href":"https:\/\/climalife.com\/fr\/wp-json\/wp\/v2\/product"}],"about":[{"href":"https:\/\/climalife.com\/fr\/wp-json\/wp\/v2\/types\/product"}],"replies":[{"embeddable":true,"href":"https:\/\/climalife.com\/fr\/wp-json\/wp\/v2\/comments?post=163439"}],"wp:featuredmedia":[{"embeddable":true,"href":"https:\/\/climalife.com\/fr\/wp-json\/wp\/v2\/media\/109323"}],"wp:attachment":[{"href":"https:\/\/climalife.com\/fr\/wp-json\/wp\/v2\/media?parent=163439"}],"wp:term":[{"taxonomy":"countries","embeddable":true,"href":"https:\/\/climalife.com\/fr\/wp-json\/wp\/v2\/countries?post=163439"},{"taxonomy":"product_brand","embeddable":true,"href":"https:\/\/climalife.com\/fr\/wp-json\/wp\/v2\/product_brand?post=163439"},{"taxonomy":"product_cat","embeddable":true,"href":"https:\/\/climalife.com\/fr\/wp-json\/wp\/v2\/product_cat?post=163439"},{"taxonomy":"product_tag","embeddable":true,"href":"https:\/\/climalife.com\/fr\/wp-json\/wp\/v2\/product_tag?post=163439"}],"curies":[{"name":"wp","href":"https:\/\/api.w.org\/{rel}","templated":true}]}}