{"id":163448,"date":"2022-09-28T18:22:14","date_gmt":"2022-09-28T18:22:14","guid":{"rendered":"http:\/\/climalife.com\/product\/detecteur-tek-mate\/"},"modified":"2026-03-06T15:24:23","modified_gmt":"2026-03-06T15:24:23","slug":"detecteur-tek-mate","status":"publish","type":"product","link":"https:\/\/climalife.com\/fr\/product\/detecteur-tek-mate\/","title":{"rendered":"D\u00e9tecteur Tek-Mate"},"content":{"rendered":"<p>Le Tek-Mate peut \u00e9galement \u00eatre utilis\u00e9 pour la recherche de fuites de SF<sub>6<\/sub>.<\/p>\n","protected":false},"excerpt":{"rendered":"<p>D\u00e9tecteur \u00e9lectronique portable capteur \u00e0 diode chauff\u00e9e. Pratique et facile \u00e0 utiliser, il propose : 2 niveaux de sensibilit\u00e9, (2 g\/an), fuite sonore, alimentation piles.<\/p>\n","protected":false},"featured_media":121941,"comment_status":"open","ping_status":"closed","template":"","meta":[],"countries":[4674,4709,4756,4813,4831,4862],"product_brand":[],"product_cat":[9981,9936,9972,9990,9945,13056,9370,9954,13109,13125,9963],"product_tag":[],"class_list":{"0":"post-163448","1":"product","2":"type-product","3":"status-publish","4":"has-post-thumbnail","6":"countries-by","7":"countries-cu","8":"countries-ir","9":"countries-kp","10":"countries-ru","11":"countries-sy","12":"product_cat-aeronautique-aerospatial-defense","13":"product_cat-agroalimentaire","14":"product_cat-automobile-transport","15":"product_cat-autres-industries","16":"product_cat-batiment","17":"product_cat-climatisation","18":"product_cat-detection-portable","19":"product_cat-energie","20":"product_cat-orc-cycle-organique-de-rankine","21":"product_cat-refrigeration-fr","22":"product_cat-sante-bien-etre","23":"pa_packaging-unite-fr-25","25":"first","26":"instock","27":"shipping-taxable","28":"purchasable","29":"product-type-variable"},"_links":{"self":[{"href":"https:\/\/climalife.com\/fr\/wp-json\/wp\/v2\/product\/163448","targetHints":{"allow":["GET"]}}],"collection":[{"href":"https:\/\/climalife.com\/fr\/wp-json\/wp\/v2\/product"}],"about":[{"href":"https:\/\/climalife.com\/fr\/wp-json\/wp\/v2\/types\/product"}],"replies":[{"embeddable":true,"href":"https:\/\/climalife.com\/fr\/wp-json\/wp\/v2\/comments?post=163448"}],"wp:featuredmedia":[{"embeddable":true,"href":"https:\/\/climalife.com\/fr\/wp-json\/wp\/v2\/media\/121941"}],"wp:attachment":[{"href":"https:\/\/climalife.com\/fr\/wp-json\/wp\/v2\/media?parent=163448"}],"wp:term":[{"taxonomy":"countries","embeddable":true,"href":"https:\/\/climalife.com\/fr\/wp-json\/wp\/v2\/countries?post=163448"},{"taxonomy":"product_brand","embeddable":true,"href":"https:\/\/climalife.com\/fr\/wp-json\/wp\/v2\/product_brand?post=163448"},{"taxonomy":"product_cat","embeddable":true,"href":"https:\/\/climalife.com\/fr\/wp-json\/wp\/v2\/product_cat?post=163448"},{"taxonomy":"product_tag","embeddable":true,"href":"https:\/\/climalife.com\/fr\/wp-json\/wp\/v2\/product_tag?post=163448"}],"curies":[{"name":"wp","href":"https:\/\/api.w.org\/{rel}","templated":true}]}}