{"id":163457,"date":"2022-09-28T18:22:26","date_gmt":"2022-09-28T18:22:26","guid":{"rendered":"http:\/\/climalife.com\/product\/kit-de-calibration-hfo-hfc-co2-nh3\/"},"modified":"2025-03-21T09:40:38","modified_gmt":"2025-03-21T09:40:38","slug":"kit-de-calibration-hfo-hfc-co2-nh3","status":"publish","type":"product","link":"https:\/\/climalife.com\/fr\/product\/kit-de-calibration-hfo-hfc-co2-nh3\/","title":{"rendered":"Kit de calibration HFO \/ HFC \/ CO2 \/ NH3"},"content":{"rendered":"<p>Le <strong>kit de calibration<\/strong>\u00a0permet de v\u00e9rifier la sensibilit\u00e9 sur site des d\u00e9tecteurs install\u00e9s, et de re-calibrer le syst\u00e8me en cas de n\u00e9cessit\u00e9.<\/p>\n<p>Les kits de calibration se composent d&#8217;une bouteille\u00a0charg\u00e9e de 110 litres de m\u00e9lange non\u00a0 r\u00e9actif s\u00e9lectionn\u00e9 \u00e0 une concentration pr\u00e9d\u00e9finie, d\u2019un r\u00e9gulateur de d\u00e9bit et d\u2019un flexible non absorbant avec un adaptateur sp\u00e9cifique pour chaque type de capteur.<\/p>\n","protected":false},"excerpt":{"rendered":"<p>Cylindres charg\u00e9s d\u2019un m\u00e9lange non r\u00e9actif pour la calibration des contr\u00f4leurs d\u2019ambiance \u00e0 poste fixe destin\u00e9s \u00e0 la d\u00e9tection de HCFC\/HFC, HFO, NH3 et CO2.<\/p>\n","protected":false},"featured_media":121986,"comment_status":"open","ping_status":"closed","template":"","meta":[],"countries":[4674,4709,4756,4760,4804,4813,4831,4862],"product_brand":[],"product_cat":[9981,9945,9954,9936,9963,9990,13056,13091,13109,13125,9262],"product_tag":[],"class_list":{"0":"post-163457","1":"product","2":"type-product","3":"status-publish","4":"has-post-thumbnail","6":"countries-by","7":"countries-cu","8":"countries-ir","9":"countries-it","10":"countries-nl","11":"countries-kp","12":"countries-ru","13":"countries-sy","14":"product_cat-aeronautique-aerospatial-defense","15":"product_cat-batiment","16":"product_cat-energie","17":"product_cat-agroalimentaire","18":"product_cat-sante-bien-etre","19":"product_cat-autres-industries","20":"product_cat-climatisation","21":"product_cat-chauffage","22":"product_cat-orc-cycle-organique-de-rankine","23":"product_cat-refrigeration-fr","24":"product_cat-detection-fixe","25":"pa_packaging-unite-fr-25","27":"first","28":"instock","29":"shipping-taxable","30":"purchasable","31":"product-type-variable"},"_links":{"self":[{"href":"https:\/\/climalife.com\/fr\/wp-json\/wp\/v2\/product\/163457","targetHints":{"allow":["GET"]}}],"collection":[{"href":"https:\/\/climalife.com\/fr\/wp-json\/wp\/v2\/product"}],"about":[{"href":"https:\/\/climalife.com\/fr\/wp-json\/wp\/v2\/types\/product"}],"replies":[{"embeddable":true,"href":"https:\/\/climalife.com\/fr\/wp-json\/wp\/v2\/comments?post=163457"}],"wp:featuredmedia":[{"embeddable":true,"href":"https:\/\/climalife.com\/fr\/wp-json\/wp\/v2\/media\/121986"}],"wp:attachment":[{"href":"https:\/\/climalife.com\/fr\/wp-json\/wp\/v2\/media?parent=163457"}],"wp:term":[{"taxonomy":"countries","embeddable":true,"href":"https:\/\/climalife.com\/fr\/wp-json\/wp\/v2\/countries?post=163457"},{"taxonomy":"product_brand","embeddable":true,"href":"https:\/\/climalife.com\/fr\/wp-json\/wp\/v2\/product_brand?post=163457"},{"taxonomy":"product_cat","embeddable":true,"href":"https:\/\/climalife.com\/fr\/wp-json\/wp\/v2\/product_cat?post=163457"},{"taxonomy":"product_tag","embeddable":true,"href":"https:\/\/climalife.com\/fr\/wp-json\/wp\/v2\/product_tag?post=163457"}],"curies":[{"name":"wp","href":"https:\/\/api.w.org\/{rel}","templated":true}]}}