{"id":163557,"date":"2022-09-28T18:24:23","date_gmt":"2022-09-28T18:24:23","guid":{"rendered":"http:\/\/climalife.com\/product\/r-227ea\/"},"modified":"2024-01-25T13:50:39","modified_gmt":"2024-01-25T13:50:39","slug":"r-227ea","status":"publish","type":"product","link":"https:\/\/climalife.com\/fr\/product\/r-227ea\/","title":{"rendered":"R-227ea"},"content":{"rendered":"<p>Il convient particuli\u00e8rement pour les appareils de conditionnement d&#8217;air fonctionnant dans des ambiances \u00e0 temp\u00e9rature \u00e9lev\u00e9e, les pompes \u00e0 chaleurs haute temp\u00e9rature et les capteurs thermiques.<\/p>\n","protected":false},"excerpt":{"rendered":"<p>Le R-227ea est un hydrofluorocarbone (HFC) destin\u00e9 \u00e0 remplacer le R-114 (CFC) dont la production est arr\u00eat\u00e9e depuis le 31.12.1994 dans l&#8217;Union Europ\u00e9enne.<\/p>\n","protected":false},"featured_media":108594,"comment_status":"open","ping_status":"closed","template":"","meta":[],"countries":[4674,4709,4756,4813,4831,4862],"product_brand":[],"product_cat":[9981,9954,9990,13056,9442],"product_tag":[],"class_list":{"0":"post-163557","1":"product","2":"type-product","3":"status-publish","4":"has-post-thumbnail","6":"countries-by","7":"countries-cu","8":"countries-ir","9":"countries-kp","10":"countries-ru","11":"countries-sy","12":"product_cat-aeronautique-aerospatial-defense","13":"product_cat-energie","14":"product_cat-autres-industries","15":"product_cat-climatisation","16":"product_cat-hfc-fr-33","17":"pa_packaging-bouteille-27-l-fr-34","18":"pa_packaging-bouteille-52-l-fr-72","19":"pa_packaging-cubikool","21":"first","22":"instock","23":"shipping-taxable","24":"purchasable","25":"product-type-variable"},"_links":{"self":[{"href":"https:\/\/climalife.com\/fr\/wp-json\/wp\/v2\/product\/163557","targetHints":{"allow":["GET"]}}],"collection":[{"href":"https:\/\/climalife.com\/fr\/wp-json\/wp\/v2\/product"}],"about":[{"href":"https:\/\/climalife.com\/fr\/wp-json\/wp\/v2\/types\/product"}],"replies":[{"embeddable":true,"href":"https:\/\/climalife.com\/fr\/wp-json\/wp\/v2\/comments?post=163557"}],"wp:featuredmedia":[{"embeddable":true,"href":"https:\/\/climalife.com\/fr\/wp-json\/wp\/v2\/media\/108594"}],"wp:attachment":[{"href":"https:\/\/climalife.com\/fr\/wp-json\/wp\/v2\/media?parent=163557"}],"wp:term":[{"taxonomy":"countries","embeddable":true,"href":"https:\/\/climalife.com\/fr\/wp-json\/wp\/v2\/countries?post=163557"},{"taxonomy":"product_brand","embeddable":true,"href":"https:\/\/climalife.com\/fr\/wp-json\/wp\/v2\/product_brand?post=163557"},{"taxonomy":"product_cat","embeddable":true,"href":"https:\/\/climalife.com\/fr\/wp-json\/wp\/v2\/product_cat?post=163557"},{"taxonomy":"product_tag","embeddable":true,"href":"https:\/\/climalife.com\/fr\/wp-json\/wp\/v2\/product_tag?post=163557"}],"curies":[{"name":"wp","href":"https:\/\/api.w.org\/{rel}","templated":true}]}}