{"id":163588,"date":"2022-09-28T18:24:58","date_gmt":"2022-09-28T18:24:58","guid":{"rendered":"http:\/\/climalife.com\/product\/r-437a-freontm-49\/"},"modified":"2024-11-28T13:29:39","modified_gmt":"2024-11-28T13:29:39","slug":"r-437a-freontm-49","status":"publish","type":"product","link":"https:\/\/climalife.com\/fr\/product\/r-437a-freontm-49\/","title":{"rendered":"R-437A (Freon\u2122 49+)"},"content":{"rendered":"<p>Il est utilis\u00e9 en &#8220;Drop-in&#8221; dans les installations existantes : transports r\u00e9frig\u00e9r\u00e9s, chambres froides positives ou n\u00e9gatives, caves r\u00e9frig\u00e9r\u00e9es, meubles et vitrines r\u00e9frig\u00e9r\u00e9es, r\u00e9frig\u00e9rateurs domestiques, conditionnement d&#8217;air automobile.<\/p>\n<p>Ne pas utiliser sur des installations \u00e0 \u00e9vaporateur noy\u00e9 ou dans des groupes centrifuges.<\/p>\n","protected":false},"excerpt":{"rendered":"<p>Le R-437A (ou FreonTM MO49Plus) est un m\u00e9lange z\u00e9otrope de type HFC, destin\u00e9 \u00e0 remplacer le R-12 (CFC), les m\u00e9langes HCFC \u00e0 base de R-22 (R-401A, R-409A, \u2026) ainsi que le R-413A (HFC) dans le domaine du froid domestique, commercial et industriel.<\/p>\n","protected":false},"featured_media":108900,"comment_status":"open","ping_status":"closed","template":"","meta":[],"countries":[4674,4709,4756,4813,4831,4862],"product_brand":[],"product_cat":[9972,9936,13125,9442],"product_tag":[],"class_list":{"0":"post-163588","1":"product","2":"type-product","3":"status-publish","4":"has-post-thumbnail","6":"countries-by","7":"countries-cu","8":"countries-ir","9":"countries-kp","10":"countries-ru","11":"countries-sy","12":"product_cat-automobile-transport","13":"product_cat-agroalimentaire","14":"product_cat-refrigeration-fr","15":"product_cat-hfc-fr-33","16":"pa_packaging-cubikool","18":"first","19":"instock","20":"shipping-taxable","21":"purchasable","22":"product-type-variable"},"_links":{"self":[{"href":"https:\/\/climalife.com\/fr\/wp-json\/wp\/v2\/product\/163588","targetHints":{"allow":["GET"]}}],"collection":[{"href":"https:\/\/climalife.com\/fr\/wp-json\/wp\/v2\/product"}],"about":[{"href":"https:\/\/climalife.com\/fr\/wp-json\/wp\/v2\/types\/product"}],"replies":[{"embeddable":true,"href":"https:\/\/climalife.com\/fr\/wp-json\/wp\/v2\/comments?post=163588"}],"wp:featuredmedia":[{"embeddable":true,"href":"https:\/\/climalife.com\/fr\/wp-json\/wp\/v2\/media\/108900"}],"wp:attachment":[{"href":"https:\/\/climalife.com\/fr\/wp-json\/wp\/v2\/media?parent=163588"}],"wp:term":[{"taxonomy":"countries","embeddable":true,"href":"https:\/\/climalife.com\/fr\/wp-json\/wp\/v2\/countries?post=163588"},{"taxonomy":"product_brand","embeddable":true,"href":"https:\/\/climalife.com\/fr\/wp-json\/wp\/v2\/product_brand?post=163588"},{"taxonomy":"product_cat","embeddable":true,"href":"https:\/\/climalife.com\/fr\/wp-json\/wp\/v2\/product_cat?post=163588"},{"taxonomy":"product_tag","embeddable":true,"href":"https:\/\/climalife.com\/fr\/wp-json\/wp\/v2\/product_tag?post=163588"}],"curies":[{"name":"wp","href":"https:\/\/api.w.org\/{rel}","templated":true}]}}