{"id":163606,"date":"2022-09-28T18:25:21","date_gmt":"2022-09-28T18:25:21","guid":{"rendered":"http:\/\/climalife.com\/product\/r-438a-freontm-mo99\/"},"modified":"2024-11-28T13:30:49","modified_gmt":"2024-11-28T13:30:49","slug":"r-438a-freontm-mo99","status":"publish","type":"product","link":"https:\/\/climalife.com\/fr\/product\/r-438a-freontm-mo99\/","title":{"rendered":"R-438A (Freon\u2122 MO99)"},"content":{"rendered":"<p>Ne pas utiliser sur des installations \u00e0 \u00e9vaporateur noy\u00e9 ou dans des groupes centrifuges. Utiliser une huile min\u00e9rale (MO), alkylbenz\u00e8ne (AB) ou polyolester (POE) (information producteur). Climalife, comme pour tous les HFC, pr\u00e9conise une huile polyolester (POE).<\/p>\n<p>&nbsp;<\/p>\n","protected":false},"excerpt":{"rendered":"<p>Le R-438A (ou Freon\u2122 MO99) est un m\u00e9lange z\u00e9otrope de type HFC, destin\u00e9 \u00e0 remplacer le R-22 (HCFC) dans les applications de conditionnement d\u2019air r\u00e9sidentiel et commercial, chillers, et de r\u00e9frig\u00e9ration commerciale basse et moyenne temp\u00e9rature.<\/p>\n","protected":false},"featured_media":130435,"comment_status":"open","ping_status":"closed","template":"","meta":[],"countries":[4674,4709,4756,4813,4831,4862],"product_brand":[],"product_cat":[9936,9945,13056,9442,13125],"product_tag":[],"class_list":{"0":"post-163606","1":"product","2":"type-product","3":"status-publish","4":"has-post-thumbnail","6":"countries-by","7":"countries-cu","8":"countries-ir","9":"countries-kp","10":"countries-ru","11":"countries-sy","12":"product_cat-agroalimentaire","13":"product_cat-batiment","14":"product_cat-climatisation","15":"product_cat-hfc-fr-33","16":"product_cat-refrigeration-fr","17":"pa_packaging-bouteille-61-l-fr-300","19":"first","20":"instock","21":"shipping-taxable","22":"product-type-variable"},"_links":{"self":[{"href":"https:\/\/climalife.com\/fr\/wp-json\/wp\/v2\/product\/163606","targetHints":{"allow":["GET"]}}],"collection":[{"href":"https:\/\/climalife.com\/fr\/wp-json\/wp\/v2\/product"}],"about":[{"href":"https:\/\/climalife.com\/fr\/wp-json\/wp\/v2\/types\/product"}],"replies":[{"embeddable":true,"href":"https:\/\/climalife.com\/fr\/wp-json\/wp\/v2\/comments?post=163606"}],"wp:featuredmedia":[{"embeddable":true,"href":"https:\/\/climalife.com\/fr\/wp-json\/wp\/v2\/media\/130435"}],"wp:attachment":[{"href":"https:\/\/climalife.com\/fr\/wp-json\/wp\/v2\/media?parent=163606"}],"wp:term":[{"taxonomy":"countries","embeddable":true,"href":"https:\/\/climalife.com\/fr\/wp-json\/wp\/v2\/countries?post=163606"},{"taxonomy":"product_brand","embeddable":true,"href":"https:\/\/climalife.com\/fr\/wp-json\/wp\/v2\/product_brand?post=163606"},{"taxonomy":"product_cat","embeddable":true,"href":"https:\/\/climalife.com\/fr\/wp-json\/wp\/v2\/product_cat?post=163606"},{"taxonomy":"product_tag","embeddable":true,"href":"https:\/\/climalife.com\/fr\/wp-json\/wp\/v2\/product_tag?post=163606"}],"curies":[{"name":"wp","href":"https:\/\/api.w.org\/{rel}","templated":true}]}}