{"id":163616,"date":"2022-09-28T18:25:32","date_gmt":"2022-09-28T18:25:32","guid":{"rendered":"http:\/\/climalife.com\/product\/novaspray-isopentane-s\/"},"modified":"2025-04-17T08:26:42","modified_gmt":"2025-04-17T08:26:42","slug":"novaspray-isopentane-s","status":"publish","type":"product","link":"https:\/\/climalife.com\/fr\/product\/novaspray-isopentane-s\/","title":{"rendered":"NovaSpray\u2122 isopentane S"},"content":{"rendered":"<p>La solubilit\u00e9 dans le NovaSpray<sup>TM <\/sup>isopentane S des r\u00e9sines et de la plupart des composants insolubles dans les butanes\/propanes ainsi que sa miscibilit\u00e9 avec la plupart des solvants polaires ou non polaires permet d\u2019\u00e9laborerunevaste gamme de formulation.<\/p>\n<p>Economique gr\u00e2ce \u00e0 sa faible masse volumique, il remplace avantageusement l\u2019\u00e9thanol comme solvant.Son bas point d\u2019\u00e9bullition est un avantage pour les formulations sp\u00e9cifiques le requ\u00e9rant. Il est sans effet sur la couche d\u2019ozone et a un impact n\u00e9gligeable sur l\u2019effet de serre.<\/p>\n","protected":false},"excerpt":{"rendered":"<p>Sp\u00e9cialement d\u00e9sodoris\u00e9 et de tr\u00e8s haute puret\u00e9, le NovaSprayTM isopentane S peut \u00eatre utilis\u00e9 dans des formulations de produits cosm\u00e9tiques. De qualit\u00e9 constante, il r\u00e9pond aux exigences de l\u2019industrie des a\u00e9rosols.<\/p>\n","protected":false},"featured_media":200116,"comment_status":"open","ping_status":"closed","template":"","meta":[],"countries":[4674,4709,4756,4813,4831,4862],"product_brand":[],"product_cat":[9595,13118,9963],"product_tag":[],"class_list":{"0":"post-163616","1":"product","2":"type-product","3":"status-publish","4":"has-post-thumbnail","6":"countries-by","7":"countries-cu","8":"countries-ir","9":"countries-kp","10":"countries-ru","11":"countries-sy","12":"product_cat-hydrocarbures-fr-83","13":"product_cat-propulseurs","14":"product_cat-sante-bien-etre","15":"pa_packaging-bouteille-88-l-fr-122","16":"pa_packaging-conteneur-930-l-fr-76","17":"pa_packaging-fut-217-l-fr-30","18":"pa_packaging-vrac-20-t-fr-141","20":"first","21":"instock","22":"shipping-taxable","23":"purchasable","24":"product-type-variable"},"_links":{"self":[{"href":"https:\/\/climalife.com\/fr\/wp-json\/wp\/v2\/product\/163616","targetHints":{"allow":["GET"]}}],"collection":[{"href":"https:\/\/climalife.com\/fr\/wp-json\/wp\/v2\/product"}],"about":[{"href":"https:\/\/climalife.com\/fr\/wp-json\/wp\/v2\/types\/product"}],"replies":[{"embeddable":true,"href":"https:\/\/climalife.com\/fr\/wp-json\/wp\/v2\/comments?post=163616"}],"wp:featuredmedia":[{"embeddable":true,"href":"https:\/\/climalife.com\/fr\/wp-json\/wp\/v2\/media\/200116"}],"wp:attachment":[{"href":"https:\/\/climalife.com\/fr\/wp-json\/wp\/v2\/media?parent=163616"}],"wp:term":[{"taxonomy":"countries","embeddable":true,"href":"https:\/\/climalife.com\/fr\/wp-json\/wp\/v2\/countries?post=163616"},{"taxonomy":"product_brand","embeddable":true,"href":"https:\/\/climalife.com\/fr\/wp-json\/wp\/v2\/product_brand?post=163616"},{"taxonomy":"product_cat","embeddable":true,"href":"https:\/\/climalife.com\/fr\/wp-json\/wp\/v2\/product_cat?post=163616"},{"taxonomy":"product_tag","embeddable":true,"href":"https:\/\/climalife.com\/fr\/wp-json\/wp\/v2\/product_tag?post=163616"}],"curies":[{"name":"wp","href":"https:\/\/api.w.org\/{rel}","templated":true}]}}