{"id":163643,"date":"2022-09-28T18:26:06","date_gmt":"2022-09-28T18:26:06","guid":{"rendered":"http:\/\/climalife.com\/product\/novaspray-1-butene-propylene-51-49\/"},"modified":"2025-06-16T12:24:08","modified_gmt":"2025-06-16T12:24:08","slug":"novaspray-1-butene-propylene-51-49","status":"publish","type":"product","link":"https:\/\/climalife.com\/fr\/product\/novaspray-1-butene-propylene-51-49\/","title":{"rendered":"NovaSpray\u2122 1-but\u00e8ne\/propyl\u00e8ne (51\/49)"},"content":{"rendered":"<p>Son excellente miscibilit\u00e9 avec la majorit\u00e9 des solvants lui conf\u00e8re une grande souplesse de formulation. Il est sans effet sur la couche d\u2019ozone et a un impact n\u00e9gligeable sur l\u2019effet de serre.<\/p>\n","protected":false},"excerpt":{"rendered":"<p>Le NovaSpray\u2122 1-but\u00e8ne\/propyl\u00e8ne (51\/49) est un m\u00e9lange de NovaSpray\u2122 1-but\u00e8ne et de propyl\u00e8ne.<\/p>\n","protected":false},"featured_media":190600,"comment_status":"open","ping_status":"closed","template":"","meta":[],"countries":[4674,4709,4756,4813,4831,4862],"product_brand":[],"product_cat":[9945,9990,13118,9595],"product_tag":[],"class_list":{"0":"post-163643","1":"product","2":"type-product","3":"status-publish","4":"has-post-thumbnail","6":"countries-by","7":"countries-cu","8":"countries-ir","9":"countries-kp","10":"countries-ru","11":"countries-sy","12":"product_cat-batiment","13":"product_cat-autres-industries","14":"product_cat-propulseurs","15":"product_cat-hydrocarbures-fr-83","16":"pa_packaging-conteneur-930-l-fr-76","17":"pa_packaging-vrac-fr-168","19":"first","20":"instock","21":"shipping-taxable","22":"purchasable","23":"product-type-variable"},"_links":{"self":[{"href":"https:\/\/climalife.com\/fr\/wp-json\/wp\/v2\/product\/163643","targetHints":{"allow":["GET"]}}],"collection":[{"href":"https:\/\/climalife.com\/fr\/wp-json\/wp\/v2\/product"}],"about":[{"href":"https:\/\/climalife.com\/fr\/wp-json\/wp\/v2\/types\/product"}],"replies":[{"embeddable":true,"href":"https:\/\/climalife.com\/fr\/wp-json\/wp\/v2\/comments?post=163643"}],"wp:featuredmedia":[{"embeddable":true,"href":"https:\/\/climalife.com\/fr\/wp-json\/wp\/v2\/media\/190600"}],"wp:attachment":[{"href":"https:\/\/climalife.com\/fr\/wp-json\/wp\/v2\/media?parent=163643"}],"wp:term":[{"taxonomy":"countries","embeddable":true,"href":"https:\/\/climalife.com\/fr\/wp-json\/wp\/v2\/countries?post=163643"},{"taxonomy":"product_brand","embeddable":true,"href":"https:\/\/climalife.com\/fr\/wp-json\/wp\/v2\/product_brand?post=163643"},{"taxonomy":"product_cat","embeddable":true,"href":"https:\/\/climalife.com\/fr\/wp-json\/wp\/v2\/product_cat?post=163643"},{"taxonomy":"product_tag","embeddable":true,"href":"https:\/\/climalife.com\/fr\/wp-json\/wp\/v2\/product_tag?post=163643"}],"curies":[{"name":"wp","href":"https:\/\/api.w.org\/{rel}","templated":true}]}}