{"id":163700,"date":"2022-09-28T18:27:04","date_gmt":"2022-09-28T18:27:04","guid":{"rendered":"http:\/\/climalife.com\/product\/bitzer-bvc-32\/"},"modified":"2024-12-23T13:33:17","modified_gmt":"2024-12-23T13:33:17","slug":"bitzer-bvc-32","status":"publish","type":"product","link":"https:\/\/climalife.com\/fr\/product\/bitzer-bvc-32\/","title":{"rendered":"Bitzer BVC 32"},"content":{"rendered":"<p>Adapt\u00e9e pour les applications de climatisation, pompes \u00e0 chaleur et r\u00e9frig\u00e9ration fonctionnant avec des HFC.<\/p>\n","protected":false},"excerpt":{"rendered":"<p>Bitzer BVC32 est une huile polyvinylether (PVE).<\/p>\n","protected":false},"featured_media":109269,"comment_status":"open","ping_status":"closed","template":"","meta":[],"countries":[4674,4709,4756,4813,4831,4862],"product_brand":[],"product_cat":[9990,9945,13091,13056,13464],"product_tag":[],"class_list":{"0":"post-163700","1":"product","2":"type-product","3":"status-publish","4":"has-post-thumbnail","6":"countries-by","7":"countries-cu","8":"countries-ir","9":"countries-kp","10":"countries-ru","11":"countries-sy","12":"product_cat-autres-industries","13":"product_cat-batiment","14":"product_cat-chauffage","15":"product_cat-climatisation","16":"product_cat-pve-fr","17":"pa_packaging-bidon-5-l-fr-35","19":"first","20":"instock","21":"shipping-taxable","22":"purchasable","23":"product-type-variable"},"_links":{"self":[{"href":"https:\/\/climalife.com\/fr\/wp-json\/wp\/v2\/product\/163700","targetHints":{"allow":["GET"]}}],"collection":[{"href":"https:\/\/climalife.com\/fr\/wp-json\/wp\/v2\/product"}],"about":[{"href":"https:\/\/climalife.com\/fr\/wp-json\/wp\/v2\/types\/product"}],"replies":[{"embeddable":true,"href":"https:\/\/climalife.com\/fr\/wp-json\/wp\/v2\/comments?post=163700"}],"wp:featuredmedia":[{"embeddable":true,"href":"https:\/\/climalife.com\/fr\/wp-json\/wp\/v2\/media\/109269"}],"wp:attachment":[{"href":"https:\/\/climalife.com\/fr\/wp-json\/wp\/v2\/media?parent=163700"}],"wp:term":[{"taxonomy":"countries","embeddable":true,"href":"https:\/\/climalife.com\/fr\/wp-json\/wp\/v2\/countries?post=163700"},{"taxonomy":"product_brand","embeddable":true,"href":"https:\/\/climalife.com\/fr\/wp-json\/wp\/v2\/product_brand?post=163700"},{"taxonomy":"product_cat","embeddable":true,"href":"https:\/\/climalife.com\/fr\/wp-json\/wp\/v2\/product_cat?post=163700"},{"taxonomy":"product_tag","embeddable":true,"href":"https:\/\/climalife.com\/fr\/wp-json\/wp\/v2\/product_tag?post=163700"}],"curies":[{"name":"wp","href":"https:\/\/api.w.org\/{rel}","templated":true}]}}