{"id":163767,"date":"2022-09-28T18:28:20","date_gmt":"2022-09-28T18:28:20","guid":{"rendered":"http:\/\/climalife.com\/product\/capteur-et-filtres-ddh1-et-ddh2-uv-69384\/"},"modified":"2024-01-25T13:50:22","modified_gmt":"2024-01-25T13:50:22","slug":"capteur-et-filtres-ddh1-et-ddh2-uv-69384","status":"publish","type":"product","link":"https:\/\/climalife.com\/fr\/product\/capteur-et-filtres-ddh1-et-ddh2-uv-69384\/","title":{"rendered":"Capteur et filtres DDH1 et DDH2 UV (69384)"},"content":{"rendered":"<p>Contient un sachet de 5 filtres.<\/p>\n","protected":false},"excerpt":{"rendered":"<p>Le capteur et filtres DDH1 et DDH2 UV est un capteur \u00e0 diode chauff\u00e9e et des filtres pour d\u00e9tecteur portable fluide frigorig\u00e8ne.<\/p>\n","protected":false},"featured_media":107505,"comment_status":"open","ping_status":"closed","template":"","meta":[],"countries":[4674,4709,4756,4813,4831,4862],"product_brand":[],"product_cat":[9981,9972,9945,9954,9936,9963,9990,13056,13109,13125,9370],"product_tag":[],"class_list":{"0":"post-163767","1":"product","2":"type-product","3":"status-publish","4":"has-post-thumbnail","6":"countries-by","7":"countries-cu","8":"countries-ir","9":"countries-kp","10":"countries-ru","11":"countries-sy","12":"product_cat-aeronautique-aerospatial-defense","13":"product_cat-automobile-transport","14":"product_cat-batiment","15":"product_cat-energie","16":"product_cat-agroalimentaire","17":"product_cat-sante-bien-etre","18":"product_cat-autres-industries","19":"product_cat-climatisation","20":"product_cat-orc-cycle-organique-de-rankine","21":"product_cat-refrigeration-fr","22":"product_cat-detection-portable","23":"pa_packaging-inclus-sachet-de-5-filtres-fr-193","25":"first","26":"instock","27":"shipping-taxable","28":"purchasable","29":"product-type-variable"},"_links":{"self":[{"href":"https:\/\/climalife.com\/fr\/wp-json\/wp\/v2\/product\/163767","targetHints":{"allow":["GET"]}}],"collection":[{"href":"https:\/\/climalife.com\/fr\/wp-json\/wp\/v2\/product"}],"about":[{"href":"https:\/\/climalife.com\/fr\/wp-json\/wp\/v2\/types\/product"}],"replies":[{"embeddable":true,"href":"https:\/\/climalife.com\/fr\/wp-json\/wp\/v2\/comments?post=163767"}],"wp:featuredmedia":[{"embeddable":true,"href":"https:\/\/climalife.com\/fr\/wp-json\/wp\/v2\/media\/107505"}],"wp:attachment":[{"href":"https:\/\/climalife.com\/fr\/wp-json\/wp\/v2\/media?parent=163767"}],"wp:term":[{"taxonomy":"countries","embeddable":true,"href":"https:\/\/climalife.com\/fr\/wp-json\/wp\/v2\/countries?post=163767"},{"taxonomy":"product_brand","embeddable":true,"href":"https:\/\/climalife.com\/fr\/wp-json\/wp\/v2\/product_brand?post=163767"},{"taxonomy":"product_cat","embeddable":true,"href":"https:\/\/climalife.com\/fr\/wp-json\/wp\/v2\/product_cat?post=163767"},{"taxonomy":"product_tag","embeddable":true,"href":"https:\/\/climalife.com\/fr\/wp-json\/wp\/v2\/product_tag?post=163767"}],"curies":[{"name":"wp","href":"https:\/\/api.w.org\/{rel}","templated":true}]}}