{"id":163818,"date":"2022-09-28T18:29:18","date_gmt":"2022-09-28T18:29:18","guid":{"rendered":"http:\/\/climalife.com\/product\/mobil-zerice-s\/"},"modified":"2025-07-29T08:07:58","modified_gmt":"2025-07-29T08:07:58","slug":"huile-mobil-zerice-s","status":"publish","type":"product","link":"https:\/\/climalife.com\/fr\/product\/huile-mobil-zerice-s\/","title":{"rendered":"Mobil Zerice S S\u00e9rie"},"content":{"rendered":"<p>Mobil Zerice S est une famille de lubrifiants synth\u00e9tiques de haute qualit\u00e9 pour compresseurs frigorifiques. Formul\u00e9e \u00e0 partir d&#8217;huiles d&#8217;alkylbenzene, ces huiles pr\u00e9sentent par nature une meilleure miscibilit\u00e9 avec les fluides r\u00e9frig\u00e9rants hydrochlorofluorocarbon\u00e9s<br \/>\nHCFC (R22), et les chlorofluorocarbon\u00e9s CFC (R502 et R12) encore pr\u00e9sents sur certaines installations. Ceci leur permet d&#8217;\u00eatre utilis\u00e9s jusqu&#8217;\u00e0 de tr\u00e8s basses temp\u00e9ratures, jusqu&#8217;\u00e0 -60\u00b0C.<\/p>\n","protected":false},"excerpt":{"rendered":"<p>Huiles pour compresseurs frigorifiques (AB)<\/p>\n","protected":false},"featured_media":108369,"comment_status":"open","ping_status":"closed","template":"","meta":[],"countries":[4674,4709,4756,4813,4831,4862],"product_brand":[],"product_cat":[9981,9972,9945,9954,9936,9963,9990,13056,13091,13125,13428],"product_tag":[],"class_list":{"0":"post-163818","1":"product","2":"type-product","3":"status-publish","4":"has-post-thumbnail","6":"countries-by","7":"countries-cu","8":"countries-ir","9":"countries-kp","10":"countries-ru","11":"countries-sy","12":"product_cat-aeronautique-aerospatial-defense","13":"product_cat-automobile-transport","14":"product_cat-batiment","15":"product_cat-energie","16":"product_cat-agroalimentaire","17":"product_cat-sante-bien-etre","18":"product_cat-autres-industries","19":"product_cat-climatisation","20":"product_cat-chauffage","21":"product_cat-refrigeration-fr","22":"product_cat-ab-fr","23":"pa_packaging-bidon-20-l-fr-36","24":"pa_packaging-fut-208-l-fr-49","26":"first","27":"instock","28":"shipping-taxable","29":"purchasable","30":"product-type-variable"},"_links":{"self":[{"href":"https:\/\/climalife.com\/fr\/wp-json\/wp\/v2\/product\/163818","targetHints":{"allow":["GET"]}}],"collection":[{"href":"https:\/\/climalife.com\/fr\/wp-json\/wp\/v2\/product"}],"about":[{"href":"https:\/\/climalife.com\/fr\/wp-json\/wp\/v2\/types\/product"}],"replies":[{"embeddable":true,"href":"https:\/\/climalife.com\/fr\/wp-json\/wp\/v2\/comments?post=163818"}],"wp:featuredmedia":[{"embeddable":true,"href":"https:\/\/climalife.com\/fr\/wp-json\/wp\/v2\/media\/108369"}],"wp:attachment":[{"href":"https:\/\/climalife.com\/fr\/wp-json\/wp\/v2\/media?parent=163818"}],"wp:term":[{"taxonomy":"countries","embeddable":true,"href":"https:\/\/climalife.com\/fr\/wp-json\/wp\/v2\/countries?post=163818"},{"taxonomy":"product_brand","embeddable":true,"href":"https:\/\/climalife.com\/fr\/wp-json\/wp\/v2\/product_brand?post=163818"},{"taxonomy":"product_cat","embeddable":true,"href":"https:\/\/climalife.com\/fr\/wp-json\/wp\/v2\/product_cat?post=163818"},{"taxonomy":"product_tag","embeddable":true,"href":"https:\/\/climalife.com\/fr\/wp-json\/wp\/v2\/product_tag?post=163818"}],"curies":[{"name":"wp","href":"https:\/\/api.w.org\/{rel}","templated":true}]}}