{"id":163830,"date":"2022-09-28T18:29:31","date_gmt":"2022-09-28T18:29:31","guid":{"rendered":"http:\/\/climalife.com\/product\/mobil-arctic-shc-nh-68\/"},"modified":"2025-10-15T13:25:58","modified_gmt":"2025-10-15T13:25:58","slug":"mobil-arctic-shc-nh-68","status":"publish","type":"product","link":"https:\/\/climalife.com\/fr\/product\/mobil-arctic-shc-nh-68\/","title":{"rendered":"Mobil Arctic SHC NH 68"},"content":{"rendered":"<p>M\u00eame dans les pires conditions d\u2019exploitation, Mobil Gargoyle Arctic SHC NH 68 agira contre la formation de boues et de d\u00e9p\u00f4ts, et \u00e9vitera ou r\u00e9duira ainsi le colmatage des clapets ou des filtres.<\/p>\n","protected":false},"excerpt":{"rendered":"<p>Mobil Gargoyle Arctic SHC NH 68 est une huile enti\u00e8rement synth\u00e9tique, sp\u00e9cialement con\u00e7ue pour la lubrification des compresseurs frigorifiques dans des usines de haute performance utilisant de l\u2019ammoniac (NH3) comme fluide frigorig\u00e8ne. Mobil Gargoyle Arctic SHC NH 68 est formul\u00e9e \u00e0 partir d&#8217;hydrocarbures de synth\u00e8se de type polyalphaol\u00e9fine (PAO) sans paraffine et d\u2019huiles \u00e0 base d\u2019alkylbenz\u00e8ne synth\u00e9tique, dont la r\u00e9sistance remarquable \u00e0 la d\u00e9gradation thermique et \u00e0 l\u2019oxydation a \u00e9t\u00e9 d\u00e9montr\u00e9e.<\/p>\n","protected":false},"featured_media":121914,"comment_status":"open","ping_status":"closed","template":"","meta":[],"countries":[4674,4709,4756,4813,4831,4862],"product_brand":[],"product_cat":[13428,9981,9936,9990,13091,13125,9963],"product_tag":[],"class_list":{"0":"post-163830","1":"product","2":"type-product","3":"status-publish","4":"has-post-thumbnail","6":"countries-by","7":"countries-cu","8":"countries-ir","9":"countries-kp","10":"countries-ru","11":"countries-sy","12":"product_cat-ab-fr","13":"product_cat-aeronautique-aerospatial-defense","14":"product_cat-agroalimentaire","15":"product_cat-autres-industries","16":"product_cat-chauffage","17":"product_cat-refrigeration-fr","18":"product_cat-sante-bien-etre","19":"pa_packaging-bidon-20-l-fr-36","21":"first","22":"instock","23":"shipping-taxable","24":"purchasable","25":"product-type-variable"},"_links":{"self":[{"href":"https:\/\/climalife.com\/fr\/wp-json\/wp\/v2\/product\/163830","targetHints":{"allow":["GET"]}}],"collection":[{"href":"https:\/\/climalife.com\/fr\/wp-json\/wp\/v2\/product"}],"about":[{"href":"https:\/\/climalife.com\/fr\/wp-json\/wp\/v2\/types\/product"}],"replies":[{"embeddable":true,"href":"https:\/\/climalife.com\/fr\/wp-json\/wp\/v2\/comments?post=163830"}],"wp:featuredmedia":[{"embeddable":true,"href":"https:\/\/climalife.com\/fr\/wp-json\/wp\/v2\/media\/121914"}],"wp:attachment":[{"href":"https:\/\/climalife.com\/fr\/wp-json\/wp\/v2\/media?parent=163830"}],"wp:term":[{"taxonomy":"countries","embeddable":true,"href":"https:\/\/climalife.com\/fr\/wp-json\/wp\/v2\/countries?post=163830"},{"taxonomy":"product_brand","embeddable":true,"href":"https:\/\/climalife.com\/fr\/wp-json\/wp\/v2\/product_brand?post=163830"},{"taxonomy":"product_cat","embeddable":true,"href":"https:\/\/climalife.com\/fr\/wp-json\/wp\/v2\/product_cat?post=163830"},{"taxonomy":"product_tag","embeddable":true,"href":"https:\/\/climalife.com\/fr\/wp-json\/wp\/v2\/product_tag?post=163830"}],"curies":[{"name":"wp","href":"https:\/\/api.w.org\/{rel}","templated":true}]}}