{"id":163848,"date":"2022-09-28T18:29:55","date_gmt":"2022-09-28T18:29:55","guid":{"rendered":"http:\/\/climalife.com\/product\/zerol-150\/"},"modified":"2025-09-04T14:51:03","modified_gmt":"2025-09-04T14:51:03","slug":"zerol-150","status":"publish","type":"product","link":"https:\/\/climalife.com\/fr\/product\/zerol-150\/","title":{"rendered":"Zerol 150"},"content":{"rendered":"","protected":false},"excerpt":{"rendered":"<p>Huile akylbenz\u00e8ne, Zerol 150, con\u00e7ue pour la lubrification des compresseurs utilis\u00e9s dans la r\u00e9frig\u00e9ration, les pompes \u00e0 chaleur et les syst\u00e8mes de conditionnement d&#8217;air.<\/p>\n","protected":false},"featured_media":108378,"comment_status":"open","ping_status":"closed","template":"","meta":[],"countries":[4674,4709,4756,4813,4831,4862],"product_brand":[],"product_cat":[9981,9972,9945,9954,9936,9963,9990,13091,13125,13428],"product_tag":[],"class_list":{"0":"post-163848","1":"product","2":"type-product","3":"status-publish","4":"has-post-thumbnail","6":"countries-by","7":"countries-cu","8":"countries-ir","9":"countries-kp","10":"countries-ru","11":"countries-sy","12":"product_cat-aeronautique-aerospatial-defense","13":"product_cat-automobile-transport","14":"product_cat-batiment","15":"product_cat-energie","16":"product_cat-agroalimentaire","17":"product_cat-sante-bien-etre","18":"product_cat-autres-industries","19":"product_cat-chauffage","20":"product_cat-refrigeration-fr","21":"product_cat-ab-fr","22":"pa_packaging-bidon-5-l-fr-35","24":"first","25":"instock","26":"shipping-taxable","27":"purchasable","28":"product-type-variable"},"_links":{"self":[{"href":"https:\/\/climalife.com\/fr\/wp-json\/wp\/v2\/product\/163848","targetHints":{"allow":["GET"]}}],"collection":[{"href":"https:\/\/climalife.com\/fr\/wp-json\/wp\/v2\/product"}],"about":[{"href":"https:\/\/climalife.com\/fr\/wp-json\/wp\/v2\/types\/product"}],"replies":[{"embeddable":true,"href":"https:\/\/climalife.com\/fr\/wp-json\/wp\/v2\/comments?post=163848"}],"wp:featuredmedia":[{"embeddable":true,"href":"https:\/\/climalife.com\/fr\/wp-json\/wp\/v2\/media\/108378"}],"wp:attachment":[{"href":"https:\/\/climalife.com\/fr\/wp-json\/wp\/v2\/media?parent=163848"}],"wp:term":[{"taxonomy":"countries","embeddable":true,"href":"https:\/\/climalife.com\/fr\/wp-json\/wp\/v2\/countries?post=163848"},{"taxonomy":"product_brand","embeddable":true,"href":"https:\/\/climalife.com\/fr\/wp-json\/wp\/v2\/product_brand?post=163848"},{"taxonomy":"product_cat","embeddable":true,"href":"https:\/\/climalife.com\/fr\/wp-json\/wp\/v2\/product_cat?post=163848"},{"taxonomy":"product_tag","embeddable":true,"href":"https:\/\/climalife.com\/fr\/wp-json\/wp\/v2\/product_tag?post=163848"}],"curies":[{"name":"wp","href":"https:\/\/api.w.org\/{rel}","templated":true}]}}