{"id":163911,"date":"2022-09-28T18:31:11","date_gmt":"2022-09-28T18:31:11","guid":{"rendered":"http:\/\/climalife.com\/product\/regeneration-des-hcfc-hfc\/"},"modified":"2023-09-15T15:53:15","modified_gmt":"2023-09-15T15:53:15","slug":"regeneration-fluides-frigorigenes","status":"publish","type":"product","link":"https:\/\/climalife.com\/fr\/product\/regeneration-fluides-frigorigenes\/","title":{"rendered":"R\u00e9g\u00e9n\u00e9ration fluides frigorig\u00e8nes"},"content":{"rendered":"<p>Offre soumise \u00e0 conditions.<br \/>\nLa r\u00e9g\u00e9n\u00e9ration des HCFC et des HFC r\u00e9cup\u00e9r\u00e9s est possible suivant les r\u00e9sultats d&#8217;analyse de composition r\u00e9alis\u00e9e \u00e0 r\u00e9ception de l&#8217;\u00e9chantillon client. (Bouteilles de pr\u00e9l\u00e8vement).<\/p>\n","protected":false},"excerpt":{"rendered":"<p>R\u00e9g\u00e9n\u00e9ration des fluides frigorig\u00e8nes r\u00e9cup\u00e9r\u00e9s : traitement sur demande du produit r\u00e9cup\u00e9r\u00e9 (pour des quantit\u00e9s sup\u00e9rieures \u00e0 300 kg) afin de proposer des performances \u00e9quivalentes \u00e0 celles d&#8217;une substance vierge.<br \/>\nApr\u00e8s r\u00e9g\u00e9n\u00e9ration, le produit est conditionn\u00e9 et mis \u00e0 disposition du client ou stock\u00e9 sur nos sites industriels (contrat de stockage).<\/p>\n","protected":false},"featured_media":195603,"comment_status":"open","ping_status":"closed","template":"","meta":[],"countries":[4674,4709,4756,4813,4831,4862],"product_brand":[],"product_cat":[9945,9954,9936,9990,13056,13073,13091,13109,13125,13395],"product_tag":[],"class_list":{"0":"post-163911","1":"product","2":"type-product","3":"status-publish","4":"has-post-thumbnail","6":"countries-by","7":"countries-cu","8":"countries-ir","9":"countries-kp","10":"countries-ru","11":"countries-sy","12":"product_cat-batiment","13":"product_cat-energie","14":"product_cat-agroalimentaire","15":"product_cat-autres-industries","16":"product_cat-climatisation","17":"product_cat-dementelement-destruction","18":"product_cat-chauffage","19":"product_cat-orc-cycle-organique-de-rankine","20":"product_cat-refrigeration-fr","21":"product_cat-recuperation-regeneration","23":"first","24":"instock","25":"shipping-taxable","26":"purchasable","27":"product-type-simple"},"_links":{"self":[{"href":"https:\/\/climalife.com\/fr\/wp-json\/wp\/v2\/product\/163911","targetHints":{"allow":["GET"]}}],"collection":[{"href":"https:\/\/climalife.com\/fr\/wp-json\/wp\/v2\/product"}],"about":[{"href":"https:\/\/climalife.com\/fr\/wp-json\/wp\/v2\/types\/product"}],"replies":[{"embeddable":true,"href":"https:\/\/climalife.com\/fr\/wp-json\/wp\/v2\/comments?post=163911"}],"wp:featuredmedia":[{"embeddable":true,"href":"https:\/\/climalife.com\/fr\/wp-json\/wp\/v2\/media\/195603"}],"wp:attachment":[{"href":"https:\/\/climalife.com\/fr\/wp-json\/wp\/v2\/media?parent=163911"}],"wp:term":[{"taxonomy":"countries","embeddable":true,"href":"https:\/\/climalife.com\/fr\/wp-json\/wp\/v2\/countries?post=163911"},{"taxonomy":"product_brand","embeddable":true,"href":"https:\/\/climalife.com\/fr\/wp-json\/wp\/v2\/product_brand?post=163911"},{"taxonomy":"product_cat","embeddable":true,"href":"https:\/\/climalife.com\/fr\/wp-json\/wp\/v2\/product_cat?post=163911"},{"taxonomy":"product_tag","embeddable":true,"href":"https:\/\/climalife.com\/fr\/wp-json\/wp\/v2\/product_tag?post=163911"}],"curies":[{"name":"wp","href":"https:\/\/api.w.org\/{rel}","templated":true}]}}