{"id":180191,"date":"2023-07-12T19:53:44","date_gmt":"2023-07-12T19:53:44","guid":{"rendered":"http:\/\/climalife.com\/?post_type=product&#038;p=180191"},"modified":"2025-02-11T06:11:06","modified_gmt":"2025-02-11T06:11:06","slug":"r-456a","status":"publish","type":"product","link":"https:\/\/climalife.com\/fr\/product\/r-456a\/","title":{"rendered":"R-456A"},"content":{"rendered":"<p>Le R-456A (GWP = 626*) a \u00e9t\u00e9 d\u00e9velopp\u00e9 pour prolonger la disponibilit\u00e9 du R-134a dans les syst\u00e8mes de climatisation automobile, avec un GWP inf\u00e9rieur d&#8217;au moins 50 %, tout en augmentant la capacit\u00e9 de refroidissement des v\u00e9hicules plus anciens.<\/p>\n<ul>\n<li>Pas de changement d&#8217;huile requis.<\/li>\n<li>Solution drop-in.<\/li>\n<\/ul>\n<p><em>*GWP selon IPCC 5.<\/em><\/p>\n","protected":false},"excerpt":{"rendered":"<p>Le R-456A est un m\u00e9lange non inflammable compos\u00e9 d&#8217;hydrofluorocarbures et d&#8217;hydrofluoro-ol\u00e9fines con\u00e7u pour le remplacement du R-134a <strong>dans les applications de climatisation automobile.<\/strong><\/p>\n","protected":false},"featured_media":201917,"comment_status":"open","ping_status":"closed","template":"","meta":[],"countries":[4674,4709,4756,4813,4831,4854,4862],"product_brand":[],"product_cat":[9972,13056,9604],"product_tag":[],"class_list":{"0":"post-180191","1":"product","2":"type-product","3":"status-publish","4":"has-post-thumbnail","6":"countries-by","7":"countries-cu","8":"countries-ir","9":"countries-kp","10":"countries-ru","11":"countries-es","12":"countries-sy","13":"product_cat-automobile-transport","14":"product_cat-climatisation","15":"product_cat-melanges-hfc-hfo","16":"pa_packaging-bouteille-12-l-fr-92","18":"first","19":"instock","20":"shipping-taxable","21":"purchasable","22":"product-type-variable"},"_links":{"self":[{"href":"https:\/\/climalife.com\/fr\/wp-json\/wp\/v2\/product\/180191","targetHints":{"allow":["GET"]}}],"collection":[{"href":"https:\/\/climalife.com\/fr\/wp-json\/wp\/v2\/product"}],"about":[{"href":"https:\/\/climalife.com\/fr\/wp-json\/wp\/v2\/types\/product"}],"replies":[{"embeddable":true,"href":"https:\/\/climalife.com\/fr\/wp-json\/wp\/v2\/comments?post=180191"}],"wp:featuredmedia":[{"embeddable":true,"href":"https:\/\/climalife.com\/fr\/wp-json\/wp\/v2\/media\/201917"}],"wp:attachment":[{"href":"https:\/\/climalife.com\/fr\/wp-json\/wp\/v2\/media?parent=180191"}],"wp:term":[{"taxonomy":"countries","embeddable":true,"href":"https:\/\/climalife.com\/fr\/wp-json\/wp\/v2\/countries?post=180191"},{"taxonomy":"product_brand","embeddable":true,"href":"https:\/\/climalife.com\/fr\/wp-json\/wp\/v2\/product_brand?post=180191"},{"taxonomy":"product_cat","embeddable":true,"href":"https:\/\/climalife.com\/fr\/wp-json\/wp\/v2\/product_cat?post=180191"},{"taxonomy":"product_tag","embeddable":true,"href":"https:\/\/climalife.com\/fr\/wp-json\/wp\/v2\/product_tag?post=180191"}],"curies":[{"name":"wp","href":"https:\/\/api.w.org\/{rel}","templated":true}]}}