{"id":180197,"date":"2022-10-05T00:22:00","date_gmt":"2022-10-05T00:22:00","guid":{"rendered":"http:\/\/climalife.com\/product\/sapre-hrd-92sc\/"},"modified":"2024-01-25T13:50:10","modified_gmt":"2024-01-25T13:50:10","slug":"sapre-hrd-92sc","status":"publish","type":"product","link":"https:\/\/climalife.com\/fr\/product\/sapre-hrd-92sc\/","title":{"rendered":"SAPRE HRD 92SC"},"content":{"rendered":"<p>Le HRD 92SC de la marque SAPRE d\u00e9tecte tous les fluides de type HFO, HFC, HC, ainsi que le R-600a, le R-290, le NH<sub>3<\/sub>, et le m\u00e9lange H<sub>2<\/sub>\/N<sub>2<\/sub>. Ce d\u00e9tecteur \u00e0 haute sensibilit\u00e9 (1g\/an) signale la pr\u00e9sence d\u2019une fuite par une alarme sonore et visuelle. Fonctionnel et facile d\u2019utilisation, le d\u00e9tecteur HRD 92SC \u00e0 calibration automatique est fourni dans une mallette de protection avec batteries rechargeables et un chargeur secteur.<\/p>\n","protected":false},"excerpt":{"rendered":"<p>D\u00e9tecteur de fuite de fluides frigorig\u00e8nes pour utilisation industrielle.<\/p>\n","protected":false},"featured_media":180044,"comment_status":"open","ping_status":"closed","template":"","meta":[],"countries":[4674,4685,4709,4756,4813,4831,4862],"product_brand":[],"product_cat":[9370],"product_tag":[],"class_list":{"0":"post-180197","1":"product","2":"type-product","3":"status-publish","4":"has-post-thumbnail","6":"countries-by","7":"countries-io","8":"countries-cu","9":"countries-ir","10":"countries-kp","11":"countries-ru","12":"countries-sy","13":"product_cat-detection-portable","14":"pa_packaging-unite-fr-25","16":"first","17":"instock","18":"shipping-taxable","19":"purchasable","20":"product-type-variable"},"_links":{"self":[{"href":"https:\/\/climalife.com\/fr\/wp-json\/wp\/v2\/product\/180197","targetHints":{"allow":["GET"]}}],"collection":[{"href":"https:\/\/climalife.com\/fr\/wp-json\/wp\/v2\/product"}],"about":[{"href":"https:\/\/climalife.com\/fr\/wp-json\/wp\/v2\/types\/product"}],"replies":[{"embeddable":true,"href":"https:\/\/climalife.com\/fr\/wp-json\/wp\/v2\/comments?post=180197"}],"wp:featuredmedia":[{"embeddable":true,"href":"https:\/\/climalife.com\/fr\/wp-json\/wp\/v2\/media\/180044"}],"wp:attachment":[{"href":"https:\/\/climalife.com\/fr\/wp-json\/wp\/v2\/media?parent=180197"}],"wp:term":[{"taxonomy":"countries","embeddable":true,"href":"https:\/\/climalife.com\/fr\/wp-json\/wp\/v2\/countries?post=180197"},{"taxonomy":"product_brand","embeddable":true,"href":"https:\/\/climalife.com\/fr\/wp-json\/wp\/v2\/product_brand?post=180197"},{"taxonomy":"product_cat","embeddable":true,"href":"https:\/\/climalife.com\/fr\/wp-json\/wp\/v2\/product_cat?post=180197"},{"taxonomy":"product_tag","embeddable":true,"href":"https:\/\/climalife.com\/fr\/wp-json\/wp\/v2\/product_tag?post=180197"}],"curies":[{"name":"wp","href":"https:\/\/api.w.org\/{rel}","templated":true}]}}