{"id":190978,"date":"2023-01-13T15:19:19","date_gmt":"2023-01-13T15:19:19","guid":{"rendered":"https:\/\/climalife.com\/product\/conception-ensemble-de-stockage\/"},"modified":"2023-11-14T11:31:28","modified_gmt":"2023-11-14T11:31:28","slug":"cuves-stockage","status":"publish","type":"product","link":"https:\/\/climalife.com\/fr\/product\/cuves-stockage\/","title":{"rendered":"Cuves de stockage"},"content":{"rendered":"<p>Nous assurons la conception et la mise en place de cuves de stockage, de borne de d\u00e9potage et de syst\u00e8mes de distribution du fluide (inflammable ou non) avec diff\u00e9rents modules : d\u00e9bitm\u00e8tre massique, tirage au vide, &#8230;<\/p>\n","protected":false},"excerpt":{"rendered":"<p>Cuves de stockage horizontales ou verticales et distribution de fluides g\u00e9r\u00e9s via un automate programmable, ces syst\u00e8mes sont con\u00e7us sur cahier des charges et permettent de s\u00e9curiser les process.<\/p>\n","protected":false},"featured_media":200982,"comment_status":"open","ping_status":"closed","template":"","meta":[],"countries":[4674,4709,4756,4813,4831,4862],"product_brand":[],"product_cat":[9972,9990,9945,9963,13387],"product_tag":[],"class_list":{"0":"post-190978","1":"product","2":"type-product","3":"status-publish","4":"has-post-thumbnail","6":"countries-by","7":"countries-cu","8":"countries-ir","9":"countries-kp","10":"countries-ru","11":"countries-sy","12":"product_cat-automobile-transport","13":"product_cat-autres-industries","14":"product_cat-batiment","15":"product_cat-sante-bien-etre","16":"product_cat-systemes-stockage-distribution","18":"first","19":"instock","20":"shipping-taxable","21":"purchasable","22":"product-type-simple"},"_links":{"self":[{"href":"https:\/\/climalife.com\/fr\/wp-json\/wp\/v2\/product\/190978","targetHints":{"allow":["GET"]}}],"collection":[{"href":"https:\/\/climalife.com\/fr\/wp-json\/wp\/v2\/product"}],"about":[{"href":"https:\/\/climalife.com\/fr\/wp-json\/wp\/v2\/types\/product"}],"replies":[{"embeddable":true,"href":"https:\/\/climalife.com\/fr\/wp-json\/wp\/v2\/comments?post=190978"}],"wp:featuredmedia":[{"embeddable":true,"href":"https:\/\/climalife.com\/fr\/wp-json\/wp\/v2\/media\/200982"}],"wp:attachment":[{"href":"https:\/\/climalife.com\/fr\/wp-json\/wp\/v2\/media?parent=190978"}],"wp:term":[{"taxonomy":"countries","embeddable":true,"href":"https:\/\/climalife.com\/fr\/wp-json\/wp\/v2\/countries?post=190978"},{"taxonomy":"product_brand","embeddable":true,"href":"https:\/\/climalife.com\/fr\/wp-json\/wp\/v2\/product_brand?post=190978"},{"taxonomy":"product_cat","embeddable":true,"href":"https:\/\/climalife.com\/fr\/wp-json\/wp\/v2\/product_cat?post=190978"},{"taxonomy":"product_tag","embeddable":true,"href":"https:\/\/climalife.com\/fr\/wp-json\/wp\/v2\/product_tag?post=190978"}],"curies":[{"name":"wp","href":"https:\/\/api.w.org\/{rel}","templated":true}]}}