{"id":192217,"date":"2023-01-13T16:35:07","date_gmt":"2023-01-13T16:35:07","guid":{"rendered":"https:\/\/climalife.com\/product\/requalification-periodique-equipements-sous-pression\/"},"modified":"2023-09-15T15:48:33","modified_gmt":"2023-09-15T15:48:33","slug":"maintenance-equipements-sous-pression","status":"publish","type":"product","link":"https:\/\/climalife.com\/fr\/product\/maintenance-equipements-sous-pression\/","title":{"rendered":"Maintenance p\u00e9riodique \u00e9quipements sous pression"},"content":{"rendered":"<p>Notre \u00e9quipe vous accompagne pour r\u00e9aliser des op\u00e9rations de maintenance r\u00e9glementaire. Nos techniciens sont qualifi\u00e9s pour mener :<\/p>\n<ul>\n<li>Visite de chantier<\/li>\n<li>D\u00e9termination conjointe du mat\u00e9riel \u00e0 remplacer (Vannes, soupapes)<\/li>\n<li>Commande du mat\u00e9riel<\/li>\n<li>Commande prestation inspection DESP (Apave, Veritas, TUV, \u2026)<\/li>\n<li>R\u00e9cup\u00e9ration et vidange du produit contenu dans la cuve \u00e0 requalifier (stockage temporaire)<\/li>\n<li>Ouverture du stockage et visite int\u00e9rieure<\/li>\n<li>Remplissage en eau et test pression en pr\u00e9sence de l\u2019organisme<\/li>\n<li>Vidange, s\u00e9chage, remontage \u00e9quipements<\/li>\n<li>Gazage de la cuve et transfert du produit<\/li>\n<li>Envoi du dossier et proc\u00e8s verbaux \u00e9preuve et \u00e9tanch\u00e9it\u00e9<\/li>\n<\/ul>\n","protected":false},"excerpt":{"rendered":"<p>Nous proposons \u00e0 nos clients des op\u00e9rations de maintenance r\u00e9glementaire sur les stockages gaz en apportant toutes nos comp\u00e9tences et notre expertise en vue des contr\u00f4les par un organisme habilit\u00e9.<\/p>\n<p>La maintenance r\u00e9glementaire des stockages gaz bas\u00e9e sur l\u2019arr\u00eat\u00e9 du 20 Novembre 2017 porte sur les points suivants :<\/p>\n<p><b>Requalification du stockage gaz tous les 10 ans : <\/b>Le stockage doit \u00eatre vid\u00e9. Une visite int\u00e9rieure et une \u00e9preuve hydraulique doivent \u00eatre r\u00e9alis\u00e9es par un organisme de contr\u00f4le<\/p>\n<p><b>Inspection p\u00e9riodique du stockage tous les 4 ans<\/b> : Vidange du stockage et visite int\u00e9rieure par un organisme de contr\u00f4le<\/p>\n","protected":false},"featured_media":197187,"comment_status":"open","ping_status":"closed","template":"","meta":[],"countries":[4674,4709,4756,4813,4831,4862],"product_brand":[],"product_cat":[9972,9963,9990,13390],"product_tag":[],"class_list":{"0":"post-192217","1":"product","2":"type-product","3":"status-publish","4":"has-post-thumbnail","6":"countries-by","7":"countries-cu","8":"countries-ir","9":"countries-kp","10":"countries-ru","11":"countries-sy","12":"product_cat-automobile-transport","13":"product_cat-sante-bien-etre","14":"product_cat-autres-industries","15":"product_cat-maintenance-fr","17":"first","18":"instock","19":"shipping-taxable","20":"purchasable","21":"product-type-simple"},"_links":{"self":[{"href":"https:\/\/climalife.com\/fr\/wp-json\/wp\/v2\/product\/192217","targetHints":{"allow":["GET"]}}],"collection":[{"href":"https:\/\/climalife.com\/fr\/wp-json\/wp\/v2\/product"}],"about":[{"href":"https:\/\/climalife.com\/fr\/wp-json\/wp\/v2\/types\/product"}],"replies":[{"embeddable":true,"href":"https:\/\/climalife.com\/fr\/wp-json\/wp\/v2\/comments?post=192217"}],"wp:featuredmedia":[{"embeddable":true,"href":"https:\/\/climalife.com\/fr\/wp-json\/wp\/v2\/media\/197187"}],"wp:attachment":[{"href":"https:\/\/climalife.com\/fr\/wp-json\/wp\/v2\/media?parent=192217"}],"wp:term":[{"taxonomy":"countries","embeddable":true,"href":"https:\/\/climalife.com\/fr\/wp-json\/wp\/v2\/countries?post=192217"},{"taxonomy":"product_brand","embeddable":true,"href":"https:\/\/climalife.com\/fr\/wp-json\/wp\/v2\/product_brand?post=192217"},{"taxonomy":"product_cat","embeddable":true,"href":"https:\/\/climalife.com\/fr\/wp-json\/wp\/v2\/product_cat?post=192217"},{"taxonomy":"product_tag","embeddable":true,"href":"https:\/\/climalife.com\/fr\/wp-json\/wp\/v2\/product_tag?post=192217"}],"curies":[{"name":"wp","href":"https:\/\/api.w.org\/{rel}","templated":true}]}}