{"id":193077,"date":"2023-01-24T16:23:34","date_gmt":"2023-01-24T16:23:34","guid":{"rendered":"https:\/\/climalife.com\/?post_type=product&#038;p=193077"},"modified":"2023-09-15T15:46:50","modified_gmt":"2023-09-15T15:46:50","slug":"nettoyage-installation-frigorifique","status":"publish","type":"product","link":"https:\/\/climalife.com\/fr\/product\/nettoyage-installation-frigorifique\/","title":{"rendered":"Nettoyage installation fluide frigorig\u00e8ne"},"content":{"rendered":"<p>La mise en \u0153uvre de produits de nettoyage peut \u00eatre faite sur tout syst\u00e8me de fluides frigorig\u00e8nes n\u00e9cessitant une d\u00e9pollution, quelle que soit la configuration du syst\u00e8me et le fluide en fonctionnement.<\/p>\n","protected":false},"excerpt":{"rendered":"<p>La d\u00e9pollution des circuits frigorifiques est faite avec des produits adapt\u00e9s et sp\u00e9cialement formul\u00e9s par notre service R&amp;D. Le mode de traitement r\u00e9alis\u00e9 dans nos installations sera adapt\u00e9 \u00e0 la nature du fluide r\u00e9cup\u00e9r\u00e9.<\/p>\n","protected":false},"featured_media":150636,"comment_status":"open","ping_status":"closed","template":"","meta":[],"countries":[4674,4709,4756,4813,4831,4862],"product_brand":[],"product_cat":[9936,9972,9990,9945,13056,13073,9209,9218,13396,13125],"product_tag":[],"class_list":{"0":"post-193077","1":"product","2":"type-product","3":"status-publish","4":"has-post-thumbnail","6":"countries-by","7":"countries-cu","8":"countries-ir","9":"countries-kp","10":"countries-ru","11":"countries-sy","12":"product_cat-agroalimentaire","13":"product_cat-automobile-transport","14":"product_cat-autres-industries","15":"product_cat-batiment","16":"product_cat-climatisation","17":"product_cat-dementelement-destruction","18":"product_cat-gammes","19":"product_cat-industries","20":"product_cat-interventions-sur-site","21":"product_cat-refrigeration-fr","23":"first","24":"instock","25":"sold-individually","26":"shipping-taxable","27":"purchasable","28":"product-type-simple"},"_links":{"self":[{"href":"https:\/\/climalife.com\/fr\/wp-json\/wp\/v2\/product\/193077","targetHints":{"allow":["GET"]}}],"collection":[{"href":"https:\/\/climalife.com\/fr\/wp-json\/wp\/v2\/product"}],"about":[{"href":"https:\/\/climalife.com\/fr\/wp-json\/wp\/v2\/types\/product"}],"replies":[{"embeddable":true,"href":"https:\/\/climalife.com\/fr\/wp-json\/wp\/v2\/comments?post=193077"}],"wp:featuredmedia":[{"embeddable":true,"href":"https:\/\/climalife.com\/fr\/wp-json\/wp\/v2\/media\/150636"}],"wp:attachment":[{"href":"https:\/\/climalife.com\/fr\/wp-json\/wp\/v2\/media?parent=193077"}],"wp:term":[{"taxonomy":"countries","embeddable":true,"href":"https:\/\/climalife.com\/fr\/wp-json\/wp\/v2\/countries?post=193077"},{"taxonomy":"product_brand","embeddable":true,"href":"https:\/\/climalife.com\/fr\/wp-json\/wp\/v2\/product_brand?post=193077"},{"taxonomy":"product_cat","embeddable":true,"href":"https:\/\/climalife.com\/fr\/wp-json\/wp\/v2\/product_cat?post=193077"},{"taxonomy":"product_tag","embeddable":true,"href":"https:\/\/climalife.com\/fr\/wp-json\/wp\/v2\/product_tag?post=193077"}],"curies":[{"name":"wp","href":"https:\/\/api.w.org\/{rel}","templated":true}]}}