{"id":193081,"date":"2023-01-24T16:38:42","date_gmt":"2023-01-24T16:38:42","guid":{"rendered":"https:\/\/climalife.com\/product\/loading-and-recovery-of-heat-transfer-fluids\/"},"modified":"2023-09-15T15:42:45","modified_gmt":"2023-09-15T15:42:45","slug":"chargement-recuperation-caloporteurs","status":"publish","type":"product","link":"https:\/\/climalife.com\/fr\/product\/chargement-recuperation-caloporteurs\/","title":{"rendered":"Chargement et r\u00e9cup\u00e9ration de caloporteurs"},"content":{"rendered":"<p>La vidange de caloporteur peut se faire sur tous types d\u2019installation n\u00e9cessitant une mise en \u0153uvre sp\u00e9cifique et des moyens adapt\u00e9s (accessibilit\u00e9 r\u00e9duite, grande hauteur, etc.) et pour tout type de caloporteur : \u00e0 base de MEG, MPG, saline, 1,3-propanediol, etc&#8230;<\/p>\n<p>Nos \u00e9quipes sont en mesure d&#8217;intervenir quel que soit le volume de l&#8217;installation, du cubitainer au vrac.<\/p>\n","protected":false},"excerpt":{"rendered":"<p>Chargement et vidange de r\u00e9seaux sp\u00e9cifiques caloporteurs : notre service propose l\u2019intervention de personnel qualifi\u00e9 et de mat\u00e9riel certifi\u00e9 et int\u00e8gre la notion de tra\u00e7abilit\u00e9 des fluides r\u00e9cup\u00e9r\u00e9s.<\/p>\n","protected":false},"featured_media":193082,"comment_status":"open","ping_status":"closed","template":"","meta":[],"countries":[4674,4709,4756,4813,4831,4862],"product_brand":[],"product_cat":[9945,9936,9990,13056,13091,13125,13396],"product_tag":[],"class_list":{"0":"post-193081","1":"product","2":"type-product","3":"status-publish","4":"has-post-thumbnail","6":"countries-by","7":"countries-cu","8":"countries-ir","9":"countries-kp","10":"countries-ru","11":"countries-sy","12":"product_cat-batiment","13":"product_cat-agroalimentaire","14":"product_cat-autres-industries","15":"product_cat-climatisation","16":"product_cat-chauffage","17":"product_cat-refrigeration-fr","18":"product_cat-interventions-sur-site","20":"first","21":"instock","22":"shipping-taxable","23":"purchasable","24":"product-type-simple"},"_links":{"self":[{"href":"https:\/\/climalife.com\/fr\/wp-json\/wp\/v2\/product\/193081","targetHints":{"allow":["GET"]}}],"collection":[{"href":"https:\/\/climalife.com\/fr\/wp-json\/wp\/v2\/product"}],"about":[{"href":"https:\/\/climalife.com\/fr\/wp-json\/wp\/v2\/types\/product"}],"replies":[{"embeddable":true,"href":"https:\/\/climalife.com\/fr\/wp-json\/wp\/v2\/comments?post=193081"}],"wp:featuredmedia":[{"embeddable":true,"href":"https:\/\/climalife.com\/fr\/wp-json\/wp\/v2\/media\/193082"}],"wp:attachment":[{"href":"https:\/\/climalife.com\/fr\/wp-json\/wp\/v2\/media?parent=193081"}],"wp:term":[{"taxonomy":"countries","embeddable":true,"href":"https:\/\/climalife.com\/fr\/wp-json\/wp\/v2\/countries?post=193081"},{"taxonomy":"product_brand","embeddable":true,"href":"https:\/\/climalife.com\/fr\/wp-json\/wp\/v2\/product_brand?post=193081"},{"taxonomy":"product_cat","embeddable":true,"href":"https:\/\/climalife.com\/fr\/wp-json\/wp\/v2\/product_cat?post=193081"},{"taxonomy":"product_tag","embeddable":true,"href":"https:\/\/climalife.com\/fr\/wp-json\/wp\/v2\/product_tag?post=193081"}],"curies":[{"name":"wp","href":"https:\/\/api.w.org\/{rel}","templated":true}]}}