{"id":196898,"date":"2023-05-05T07:28:15","date_gmt":"2023-05-05T07:28:15","guid":{"rendered":"https:\/\/climalife.com\/?post_type=product&#038;p=196898"},"modified":"2023-09-28T10:03:07","modified_gmt":"2023-09-28T10:03:07","slug":"systeme-chargement-gaz-liquefie","status":"publish","type":"product","link":"https:\/\/climalife.com\/fr\/product\/systeme-chargement-gaz-liquefie\/","title":{"rendered":"Syst\u00e8me de chargement gaz liqu\u00e9fi\u00e9"},"content":{"rendered":"<p>Mono ou multi fluides, l&#8217;\u00e9quipement peut \u00eatre connect\u00e9 \u00e0 l&#8217;outil de tra\u00e7abilit\u00e9 du client pour r\u00e9ception des param\u00e8tres de cycle et envoi des r\u00e9sultats du cycle. Int\u00e9gration en cabine Atex ventil\u00e9e pour les r\u00e9frig\u00e9rants inflammables.<\/p>\n","protected":false},"excerpt":{"rendered":"<p>Poste de charge con\u00e7u sur-mesure permettant la r\u00e9alisation en automatique des s\u00e9quences de test pression, tirage au vide, et charge en gaz liqu\u00e9fi\u00e9s inflammables ou non-inflammables (syst\u00e8me de chargement fluide frigorig\u00e8ne, gaz propulseur, agent d&#8217;expansion).<\/p>\n","protected":false},"featured_media":196903,"comment_status":"open","ping_status":"closed","template":"","meta":[],"countries":[4674,4709,4756,4813,4831,4862],"product_brand":[],"product_cat":[9972,9990,9945,13091,13056,13125,13391],"product_tag":[],"class_list":{"0":"post-196898","1":"product","2":"type-product","3":"status-publish","4":"has-post-thumbnail","6":"countries-by","7":"countries-cu","8":"countries-ir","9":"countries-kp","10":"countries-ru","11":"countries-sy","12":"product_cat-automobile-transport","13":"product_cat-autres-industries","14":"product_cat-batiment","15":"product_cat-chauffage","16":"product_cat-climatisation","17":"product_cat-refrigeration-fr","18":"product_cat-stations-de-remplissage","20":"first","21":"instock","22":"shipping-taxable","23":"purchasable","24":"product-type-simple"},"_links":{"self":[{"href":"https:\/\/climalife.com\/fr\/wp-json\/wp\/v2\/product\/196898","targetHints":{"allow":["GET"]}}],"collection":[{"href":"https:\/\/climalife.com\/fr\/wp-json\/wp\/v2\/product"}],"about":[{"href":"https:\/\/climalife.com\/fr\/wp-json\/wp\/v2\/types\/product"}],"replies":[{"embeddable":true,"href":"https:\/\/climalife.com\/fr\/wp-json\/wp\/v2\/comments?post=196898"}],"wp:featuredmedia":[{"embeddable":true,"href":"https:\/\/climalife.com\/fr\/wp-json\/wp\/v2\/media\/196903"}],"wp:attachment":[{"href":"https:\/\/climalife.com\/fr\/wp-json\/wp\/v2\/media?parent=196898"}],"wp:term":[{"taxonomy":"countries","embeddable":true,"href":"https:\/\/climalife.com\/fr\/wp-json\/wp\/v2\/countries?post=196898"},{"taxonomy":"product_brand","embeddable":true,"href":"https:\/\/climalife.com\/fr\/wp-json\/wp\/v2\/product_brand?post=196898"},{"taxonomy":"product_cat","embeddable":true,"href":"https:\/\/climalife.com\/fr\/wp-json\/wp\/v2\/product_cat?post=196898"},{"taxonomy":"product_tag","embeddable":true,"href":"https:\/\/climalife.com\/fr\/wp-json\/wp\/v2\/product_tag?post=196898"}],"curies":[{"name":"wp","href":"https:\/\/api.w.org\/{rel}","templated":true}]}}