{"id":197148,"date":"2023-05-10T13:29:11","date_gmt":"2023-05-10T13:29:11","guid":{"rendered":"https:\/\/climalife.com\/?post_type=product&#038;p=197148"},"modified":"2023-07-05T16:21:03","modified_gmt":"2023-07-05T16:21:03","slug":"conteneurs-de-stockage","status":"publish","type":"product","link":"https:\/\/climalife.com\/fr\/product\/conteneurs-de-stockage\/","title":{"rendered":"Conteneurs de stockage"},"content":{"rendered":"<p>Ils permettent une vidange optimale des emballages (100% de la phase liquide est consomm\u00e9e) et sont adapt\u00e9s \u00e0 la plupart des fluides frigorig\u00e8nes et autres gaz liqu\u00e9fi\u00e9s (inflammables ou ininflammables). Pour assurer la s\u00e9curit\u00e9 de l&#8217;installation, l&#8217;acc\u00e8s est s\u00e9curis\u00e9 et une d\u00e9tection de fuites est mise en place.<\/p>\n","protected":false},"excerpt":{"rendered":"<p>Les conteneurs de stockage sont \u00e9quip\u00e9s d&#8217;un syst\u00e8me d&#8217;inversion qui distribue en continu le fluide frigorig\u00e8ne \u00e0 partir de f\u00fbts \u00e0 pression ou de bouteilles.<\/p>\n<p>&nbsp;<\/p>\n","protected":false},"featured_media":190977,"comment_status":"open","ping_status":"closed","template":"","meta":[],"countries":[4674,4709,4756,4813,4831,4862],"product_brand":[],"product_cat":[9972,9945,9963,9990,13056,13118,13125,13387],"product_tag":[],"class_list":{"0":"post-197148","1":"product","2":"type-product","3":"status-publish","4":"has-post-thumbnail","6":"countries-by","7":"countries-cu","8":"countries-ir","9":"countries-kp","10":"countries-ru","11":"countries-sy","12":"product_cat-automobile-transport","13":"product_cat-batiment","14":"product_cat-sante-bien-etre","15":"product_cat-autres-industries","16":"product_cat-climatisation","17":"product_cat-propulseurs","18":"product_cat-refrigeration-fr","19":"product_cat-systemes-stockage-distribution","21":"first","22":"instock","23":"shipping-taxable","24":"purchasable","25":"product-type-simple"},"_links":{"self":[{"href":"https:\/\/climalife.com\/fr\/wp-json\/wp\/v2\/product\/197148","targetHints":{"allow":["GET"]}}],"collection":[{"href":"https:\/\/climalife.com\/fr\/wp-json\/wp\/v2\/product"}],"about":[{"href":"https:\/\/climalife.com\/fr\/wp-json\/wp\/v2\/types\/product"}],"replies":[{"embeddable":true,"href":"https:\/\/climalife.com\/fr\/wp-json\/wp\/v2\/comments?post=197148"}],"wp:featuredmedia":[{"embeddable":true,"href":"https:\/\/climalife.com\/fr\/wp-json\/wp\/v2\/media\/190977"}],"wp:attachment":[{"href":"https:\/\/climalife.com\/fr\/wp-json\/wp\/v2\/media?parent=197148"}],"wp:term":[{"taxonomy":"countries","embeddable":true,"href":"https:\/\/climalife.com\/fr\/wp-json\/wp\/v2\/countries?post=197148"},{"taxonomy":"product_brand","embeddable":true,"href":"https:\/\/climalife.com\/fr\/wp-json\/wp\/v2\/product_brand?post=197148"},{"taxonomy":"product_cat","embeddable":true,"href":"https:\/\/climalife.com\/fr\/wp-json\/wp\/v2\/product_cat?post=197148"},{"taxonomy":"product_tag","embeddable":true,"href":"https:\/\/climalife.com\/fr\/wp-json\/wp\/v2\/product_tag?post=197148"}],"curies":[{"name":"wp","href":"https:\/\/api.w.org\/{rel}","templated":true}]}}