{"id":197156,"date":"2023-05-10T13:49:30","date_gmt":"2023-05-10T13:49:30","guid":{"rendered":"https:\/\/climalife.com\/?post_type=product&#038;p=197156"},"modified":"2023-07-18T08:47:54","modified_gmt":"2023-07-18T08:47:54","slug":"stockage-cuves-sous-talus","status":"publish","type":"product","link":"https:\/\/climalife.com\/fr\/product\/stockage-cuves-sous-talus\/","title":{"rendered":"Cuves sous talus"},"content":{"rendered":"<p>Nos \u00e9quipes assurent la coordination et le suivi du projet jusqu&#8217;\u00e0 l\u2019implantation sur site ainsi que la mise en service de l&#8217;installation clef en main.<\/p>\n<p>A la r\u00e9ception, un dossier technique complet est remis comprenant l&#8217;\u00e9tat descriptif de l&#8217;appareil, le manuel de fonctionnement, les proc\u00e8s verbaux ou les certificats d&#8217;\u00e9preuve, les documents relatifs aux accessoires de s\u00e9curit\u00e9 et le planning de maintenance pr\u00e9ventive et r\u00e9glementaire.<\/p>\n","protected":false},"excerpt":{"rendered":"<p>Conception et mise en place de cuves sous talus pour le stockage en conformit\u00e9 avec la r\u00e8glementation en vigueur (AFIAP) pour les gaz liqui\u00e9fi\u00e9s inflammables.<\/p>\n","protected":false},"featured_media":197172,"comment_status":"open","ping_status":"closed","template":"","meta":[],"countries":[4674,4709,4756,4813,4831,4862],"product_brand":[],"product_cat":[9972,9990,13056,9954,13100,13118,13125,13387],"product_tag":[],"class_list":{"0":"post-197156","1":"product","2":"type-product","3":"status-publish","4":"has-post-thumbnail","6":"countries-by","7":"countries-cu","8":"countries-ir","9":"countries-kp","10":"countries-ru","11":"countries-sy","12":"product_cat-automobile-transport","13":"product_cat-autres-industries","14":"product_cat-climatisation","15":"product_cat-energie","16":"product_cat-isolation","17":"product_cat-propulseurs","18":"product_cat-refrigeration-fr","19":"product_cat-systemes-stockage-distribution","21":"first","22":"instock","23":"shipping-taxable","24":"purchasable","25":"product-type-simple"},"_links":{"self":[{"href":"https:\/\/climalife.com\/fr\/wp-json\/wp\/v2\/product\/197156","targetHints":{"allow":["GET"]}}],"collection":[{"href":"https:\/\/climalife.com\/fr\/wp-json\/wp\/v2\/product"}],"about":[{"href":"https:\/\/climalife.com\/fr\/wp-json\/wp\/v2\/types\/product"}],"replies":[{"embeddable":true,"href":"https:\/\/climalife.com\/fr\/wp-json\/wp\/v2\/comments?post=197156"}],"wp:featuredmedia":[{"embeddable":true,"href":"https:\/\/climalife.com\/fr\/wp-json\/wp\/v2\/media\/197172"}],"wp:attachment":[{"href":"https:\/\/climalife.com\/fr\/wp-json\/wp\/v2\/media?parent=197156"}],"wp:term":[{"taxonomy":"countries","embeddable":true,"href":"https:\/\/climalife.com\/fr\/wp-json\/wp\/v2\/countries?post=197156"},{"taxonomy":"product_brand","embeddable":true,"href":"https:\/\/climalife.com\/fr\/wp-json\/wp\/v2\/product_brand?post=197156"},{"taxonomy":"product_cat","embeddable":true,"href":"https:\/\/climalife.com\/fr\/wp-json\/wp\/v2\/product_cat?post=197156"},{"taxonomy":"product_tag","embeddable":true,"href":"https:\/\/climalife.com\/fr\/wp-json\/wp\/v2\/product_tag?post=197156"}],"curies":[{"name":"wp","href":"https:\/\/api.w.org\/{rel}","templated":true}]}}