{"id":197276,"date":"2023-05-10T16:24:59","date_gmt":"2023-05-10T16:24:59","guid":{"rendered":"https:\/\/climalife.com\/?post_type=product&#038;p=197276"},"modified":"2023-09-25T12:32:36","modified_gmt":"2023-09-25T12:32:36","slug":"maintenance-preventive","status":"publish","type":"product","link":"https:\/\/climalife.com\/fr\/product\/maintenance-preventive\/","title":{"rendered":"Maintenance pr\u00e9ventive"},"content":{"rendered":"<p>Les op\u00e9rations de maintenance propos\u00e9es comprennent :<\/p>\n<ul>\n<li>Contr\u00f4le d\u2019\u00e9tanch\u00e9it\u00e9 (F-Gas)<\/li>\n<li>Tests fonctionnels<\/li>\n<li>Contr\u00f4le complet des boucles de s\u00e9curit\u00e9<\/li>\n<li>Contr\u00f4le coffret \u00e9lectrique\/ automatisme<\/li>\n<li>Nettoyage de l\u2019installation<\/li>\n<li>D\u00e9montage\/ remontage pompe<\/li>\n<li>Remplacement d\u2019\u00e9l\u00e9ments<\/li>\n<li>\u00c9talonnage de capteurs<\/li>\n<li>R\u00e9glage des pompes, d\u00e9verseurs\u2026<\/li>\n<li>Contr\u00f4le des dates d\u2019\u00e9preuves des stockages ou \u00e9quipements soumis \u00e0 la Directive ESP.<\/li>\n<li>Test d\u00e9tection gaz<\/li>\n<li>V\u00e9rification \u00e9tat g\u00e9n\u00e9ral composants pneumatiques<\/li>\n<li>R\u00e9daction d\u2019un rapport de maintenance<\/li>\n<\/ul>\n","protected":false},"excerpt":{"rendered":"<p>Une maintenance r\u00e9guli\u00e8re permet de pr\u00e9venir les interruptions de production et de s&#8217;assurer du bon fonctionnement d&#8217;une installation pour optimiser l&#8217;efficacit\u00e9 \u00e9nerg\u00e9tique. Les op\u00e9rations de maintenances pr\u00e9ventives peuvent \u00e9galement apporter des proposition d&#8217;am\u00e9liorations techniques ou ergonomiques. Notre \u00e9quipes de techniciens dispose des certifications et habilitations n\u00e9cessaires aux interventions sur site (certificat F-Gas, habilitation \u00e9lectrique, CACES, DESP &#8230;)<\/p>\n","protected":false},"featured_media":197277,"comment_status":"open","ping_status":"closed","template":"","meta":[],"countries":[4674,4709,4756,4813,4831,4862],"product_brand":[],"product_cat":[9981,9972,9945,9936,9963,13065,13100,13118,13125,13390],"product_tag":[13639],"class_list":{"0":"post-197276","1":"product","2":"type-product","3":"status-publish","4":"has-post-thumbnail","6":"countries-by","7":"countries-cu","8":"countries-ir","9":"countries-kp","10":"countries-ru","11":"countries-sy","12":"product_cat-aeronautique-aerospatial-defense","13":"product_cat-automobile-transport","14":"product_cat-batiment","15":"product_cat-agroalimentaire","16":"product_cat-sante-bien-etre","17":"product_cat-protection-dielectrique-sf6","18":"product_cat-isolation","19":"product_cat-propulseurs","20":"product_cat-refrigeration-fr","21":"product_cat-maintenance-fr","22":"product_tag-maintenance-equipement-sous-pression","24":"first","25":"instock","26":"shipping-taxable","27":"purchasable","28":"product-type-simple"},"_links":{"self":[{"href":"https:\/\/climalife.com\/fr\/wp-json\/wp\/v2\/product\/197276","targetHints":{"allow":["GET"]}}],"collection":[{"href":"https:\/\/climalife.com\/fr\/wp-json\/wp\/v2\/product"}],"about":[{"href":"https:\/\/climalife.com\/fr\/wp-json\/wp\/v2\/types\/product"}],"replies":[{"embeddable":true,"href":"https:\/\/climalife.com\/fr\/wp-json\/wp\/v2\/comments?post=197276"}],"wp:featuredmedia":[{"embeddable":true,"href":"https:\/\/climalife.com\/fr\/wp-json\/wp\/v2\/media\/197277"}],"wp:attachment":[{"href":"https:\/\/climalife.com\/fr\/wp-json\/wp\/v2\/media?parent=197276"}],"wp:term":[{"taxonomy":"countries","embeddable":true,"href":"https:\/\/climalife.com\/fr\/wp-json\/wp\/v2\/countries?post=197276"},{"taxonomy":"product_brand","embeddable":true,"href":"https:\/\/climalife.com\/fr\/wp-json\/wp\/v2\/product_brand?post=197276"},{"taxonomy":"product_cat","embeddable":true,"href":"https:\/\/climalife.com\/fr\/wp-json\/wp\/v2\/product_cat?post=197276"},{"taxonomy":"product_tag","embeddable":true,"href":"https:\/\/climalife.com\/fr\/wp-json\/wp\/v2\/product_tag?post=197276"}],"curies":[{"name":"wp","href":"https:\/\/api.w.org\/{rel}","templated":true}]}}