{"id":197688,"date":"2023-05-11T13:46:08","date_gmt":"2023-05-11T13:46:08","guid":{"rendered":"https:\/\/climalife.com\/?post_type=product&#038;p=197688"},"modified":"2023-09-15T15:41:09","modified_gmt":"2023-09-15T15:41:09","slug":"nettoyage-reseau-caloporteur","status":"publish","type":"product","link":"https:\/\/climalife.com\/fr\/product\/nettoyage-reseau-caloporteur\/","title":{"rendered":"Nettoyage r\u00e9seau caloporteur"},"content":{"rendered":"<p>Cette prestation s\u2019effectue avant le chargement de l\u2019installation en caloporteur. Elle peut \u00e9galement se faire dans le cadre d\u2019une maintenance curative lorsqu\u2019un probl\u00e8me de corrosion ou de boues a \u00e9t\u00e9 d\u00e9tect\u00e9. Nous utilisons des produits sp\u00e9cialement formul\u00e9s pour le d\u00e9tartrage, la d\u00e9soxydation, l&#8217;\u00e9vacuation des boues ou encore le traitement des mousses.<\/p>\n<p>Notre personnel qualifi\u00e9 emploie du mat\u00e9riel certifi\u00e9 et int\u00e8gre la notion de tra\u00e7abilit\u00e9 des fluides pr\u00e9sents dans l\u2019installation tout en ma\u00eetrisant la logistique du projet.<\/p>\n<p>Les op\u00e9rations de nettoyage sont possibles sur les tous types d\u2019installations n\u00e9cessitant une mise en \u0153uvre sp\u00e9cifique et pour tous les types de caloporteurs : \u00e0 base de MEG, MPG, SALINE, 1.3 propanediol bio-sourc\u00e9 (Greenway), etc.<\/p>\n","protected":false},"excerpt":{"rendered":"<p>Nettoyage des r\u00e9seaux frigoporteurs \/ caloporteurs pour les installations de chauffage, climatisation ou de r\u00e9frig\u00e9ration et d\u00e9sembouage des r\u00e9seaux climatiques.<\/p>\n","protected":false},"featured_media":197705,"comment_status":"open","ping_status":"closed","template":"","meta":[],"countries":[4674,4709,4756,4813,4831,4862],"product_brand":[],"product_cat":[9945,9936,13091,13056,9954,13396,13125],"product_tag":[],"class_list":{"0":"post-197688","1":"product","2":"type-product","3":"status-publish","4":"has-post-thumbnail","6":"countries-by","7":"countries-cu","8":"countries-ir","9":"countries-kp","10":"countries-ru","11":"countries-sy","12":"product_cat-batiment","13":"product_cat-agroalimentaire","14":"product_cat-chauffage","15":"product_cat-climatisation","16":"product_cat-energie","17":"product_cat-interventions-sur-site","18":"product_cat-refrigeration-fr","20":"first","21":"instock","22":"shipping-taxable","23":"purchasable","24":"product-type-simple"},"_links":{"self":[{"href":"https:\/\/climalife.com\/fr\/wp-json\/wp\/v2\/product\/197688","targetHints":{"allow":["GET"]}}],"collection":[{"href":"https:\/\/climalife.com\/fr\/wp-json\/wp\/v2\/product"}],"about":[{"href":"https:\/\/climalife.com\/fr\/wp-json\/wp\/v2\/types\/product"}],"replies":[{"embeddable":true,"href":"https:\/\/climalife.com\/fr\/wp-json\/wp\/v2\/comments?post=197688"}],"wp:featuredmedia":[{"embeddable":true,"href":"https:\/\/climalife.com\/fr\/wp-json\/wp\/v2\/media\/197705"}],"wp:attachment":[{"href":"https:\/\/climalife.com\/fr\/wp-json\/wp\/v2\/media?parent=197688"}],"wp:term":[{"taxonomy":"countries","embeddable":true,"href":"https:\/\/climalife.com\/fr\/wp-json\/wp\/v2\/countries?post=197688"},{"taxonomy":"product_brand","embeddable":true,"href":"https:\/\/climalife.com\/fr\/wp-json\/wp\/v2\/product_brand?post=197688"},{"taxonomy":"product_cat","embeddable":true,"href":"https:\/\/climalife.com\/fr\/wp-json\/wp\/v2\/product_cat?post=197688"},{"taxonomy":"product_tag","embeddable":true,"href":"https:\/\/climalife.com\/fr\/wp-json\/wp\/v2\/product_tag?post=197688"}],"curies":[{"name":"wp","href":"https:\/\/api.w.org\/{rel}","templated":true}]}}