{"id":199616,"date":"2023-05-26T16:07:16","date_gmt":"2023-05-26T16:07:16","guid":{"rendered":"https:\/\/climalife.com\/?post_type=product&#038;p=199616"},"modified":"2024-05-14T13:14:05","modified_gmt":"2024-05-14T13:14:05","slug":"vidange-et-recharge-installations-fluides-frigorigenes","status":"publish","type":"product","link":"https:\/\/climalife.com\/fr\/product\/vidange-et-recharge-installations-fluides-frigorigenes\/","title":{"rendered":"Vidange et recharge installations fluides frigorig\u00e8nes"},"content":{"rendered":"<p>Notre \u00e9quipe peut \u00e9galement effectuer le chargement des installations pour tous les fluides frigorig\u00e8nes (HFO, HFC, HCFC, CFC, et SF6) quelle que soit la quantit\u00e9. Le mode de traitement r\u00e9alis\u00e9 dans nos installations ICPE est adapt\u00e9 \u00e0 la nature du fluide r\u00e9cup\u00e9r\u00e9.<\/p>\n<p>R\u00e9cup\u00e9ration et recharge rapide avec du mat\u00e9riel sp\u00e9cifique et des emballages d\u00e9di\u00e9s pour tous les syst\u00e8mes : unit\u00e9s de r\u00e9frig\u00e9ration, de climatisation, syst\u00e8mes compacts ind\u00e9pendants, split syst\u00e8mes, roof top \u2026<\/p>\n<p>&nbsp;<\/p>\n","protected":false},"excerpt":{"rendered":"<p>Vidange de fluides frigorig\u00e8nes, traitement des fluides selon la r\u00e9glementation en vigueur, r\u00e9cup\u00e9ration d\u2019emballages souill\u00e9s par des techniciens certifi\u00e9s.<\/p>\n","protected":false},"featured_media":199619,"comment_status":"open","ping_status":"closed","template":"","meta":[],"countries":[4674,4709,4756,4813,4831,4862],"product_brand":[],"product_cat":[9945,9936,9972,13056,13073,9954,13396,13065,13125],"product_tag":[],"class_list":{"0":"post-199616","1":"product","2":"type-product","3":"status-publish","4":"has-post-thumbnail","6":"countries-by","7":"countries-cu","8":"countries-ir","9":"countries-kp","10":"countries-ru","11":"countries-sy","12":"product_cat-batiment","13":"product_cat-agroalimentaire","14":"product_cat-automobile-transport","15":"product_cat-climatisation","16":"product_cat-dementelement-destruction","17":"product_cat-energie","18":"product_cat-interventions-sur-site","19":"product_cat-protection-dielectrique-sf6","20":"product_cat-refrigeration-fr","22":"first","23":"instock","24":"shipping-taxable","25":"purchasable","26":"product-type-simple"},"_links":{"self":[{"href":"https:\/\/climalife.com\/fr\/wp-json\/wp\/v2\/product\/199616","targetHints":{"allow":["GET"]}}],"collection":[{"href":"https:\/\/climalife.com\/fr\/wp-json\/wp\/v2\/product"}],"about":[{"href":"https:\/\/climalife.com\/fr\/wp-json\/wp\/v2\/types\/product"}],"replies":[{"embeddable":true,"href":"https:\/\/climalife.com\/fr\/wp-json\/wp\/v2\/comments?post=199616"}],"wp:featuredmedia":[{"embeddable":true,"href":"https:\/\/climalife.com\/fr\/wp-json\/wp\/v2\/media\/199619"}],"wp:attachment":[{"href":"https:\/\/climalife.com\/fr\/wp-json\/wp\/v2\/media?parent=199616"}],"wp:term":[{"taxonomy":"countries","embeddable":true,"href":"https:\/\/climalife.com\/fr\/wp-json\/wp\/v2\/countries?post=199616"},{"taxonomy":"product_brand","embeddable":true,"href":"https:\/\/climalife.com\/fr\/wp-json\/wp\/v2\/product_brand?post=199616"},{"taxonomy":"product_cat","embeddable":true,"href":"https:\/\/climalife.com\/fr\/wp-json\/wp\/v2\/product_cat?post=199616"},{"taxonomy":"product_tag","embeddable":true,"href":"https:\/\/climalife.com\/fr\/wp-json\/wp\/v2\/product_tag?post=199616"}],"curies":[{"name":"wp","href":"https:\/\/api.w.org\/{rel}","templated":true}]}}