{"id":199617,"date":"2023-05-26T16:22:17","date_gmt":"2023-05-26T16:22:17","guid":{"rendered":"https:\/\/climalife.com\/?post_type=product&#038;p=199617"},"modified":"2023-09-28T10:00:46","modified_gmt":"2023-09-28T10:00:46","slug":"reprise-equipements-sf6","status":"publish","type":"product","link":"https:\/\/climalife.com\/fr\/product\/reprise-equipements-sf6\/","title":{"rendered":"Reprise \u00e9quipements SF6"},"content":{"rendered":"<p>Notre \u00e9quipe d&#8217;experts habilit\u00e9s \u00e0 r\u00e9aliser la r\u00e9cup\u00e9ration du SF<sub>6<\/sub> dans les syst\u00e8mes propose la d\u00e9pollution sur site. Vid\u00e9es de leur gaz, les \u00e9quipements sont ensuite envoy\u00e9s en destruction aupr\u00e8s de prestataires sp\u00e9cialis\u00e9s dans le recyclage et la destruction de ce type d&#8217;appareils.<\/p>\n","protected":false},"excerpt":{"rendered":"<p>Pour assurer une r\u00e9cup\u00e9ration compl\u00e8te du SF<sub>6<\/sub> pollu\u00e9, Climalife reprend les \u00e9quipements \u00e9lectriques en fin de vie : cellules HTA, tableaux fixes, ampoules interrupteur, cellules d\u00e9brochables, disjoncteurs&#8230;<\/p>\n","protected":false},"featured_media":199618,"comment_status":"open","ping_status":"closed","template":"","meta":[],"countries":[4674,4709,4756,4813,4831,4862],"product_brand":[],"product_cat":[9954,13065,13073,13394],"product_tag":[],"class_list":{"0":"post-199617","1":"product","2":"type-product","3":"status-publish","4":"has-post-thumbnail","6":"countries-by","7":"countries-cu","8":"countries-ir","9":"countries-kp","10":"countries-ru","11":"countries-sy","12":"product_cat-energie","13":"product_cat-protection-dielectrique-sf6","14":"product_cat-dementelement-destruction","15":"product_cat-destruction-demantelement","17":"first","18":"instock","19":"shipping-taxable","20":"purchasable","21":"product-type-simple"},"_links":{"self":[{"href":"https:\/\/climalife.com\/fr\/wp-json\/wp\/v2\/product\/199617","targetHints":{"allow":["GET"]}}],"collection":[{"href":"https:\/\/climalife.com\/fr\/wp-json\/wp\/v2\/product"}],"about":[{"href":"https:\/\/climalife.com\/fr\/wp-json\/wp\/v2\/types\/product"}],"replies":[{"embeddable":true,"href":"https:\/\/climalife.com\/fr\/wp-json\/wp\/v2\/comments?post=199617"}],"wp:featuredmedia":[{"embeddable":true,"href":"https:\/\/climalife.com\/fr\/wp-json\/wp\/v2\/media\/199618"}],"wp:attachment":[{"href":"https:\/\/climalife.com\/fr\/wp-json\/wp\/v2\/media?parent=199617"}],"wp:term":[{"taxonomy":"countries","embeddable":true,"href":"https:\/\/climalife.com\/fr\/wp-json\/wp\/v2\/countries?post=199617"},{"taxonomy":"product_brand","embeddable":true,"href":"https:\/\/climalife.com\/fr\/wp-json\/wp\/v2\/product_brand?post=199617"},{"taxonomy":"product_cat","embeddable":true,"href":"https:\/\/climalife.com\/fr\/wp-json\/wp\/v2\/product_cat?post=199617"},{"taxonomy":"product_tag","embeddable":true,"href":"https:\/\/climalife.com\/fr\/wp-json\/wp\/v2\/product_tag?post=199617"}],"curies":[{"name":"wp","href":"https:\/\/api.w.org\/{rel}","templated":true}]}}