{"id":199620,"date":"2023-05-26T17:01:03","date_gmt":"2023-05-26T17:01:03","guid":{"rendered":"https:\/\/climalife.com\/?post_type=product&#038;p=199620"},"modified":"2023-09-28T09:59:21","modified_gmt":"2023-09-28T09:59:21","slug":"regeneration-du-sf6","status":"publish","type":"product","link":"https:\/\/climalife.com\/fr\/product\/regeneration-du-sf6\/","title":{"rendered":"R\u00e9g\u00e9n\u00e9ration du SF6"},"content":{"rendered":"<p>Mise \u00e0 disposition d&#8217;emballages de r\u00e9cup\u00e9ration d\u00e9di\u00e9s, et recyclage du SF<sub>6<\/sub> selon les r\u00e9sultats d&#8217;analyses. Nous proposons \u00e9galement la location d&#8217;\u00e9quipements de transfert et des interventions sur site.<\/p>\n","protected":false},"excerpt":{"rendered":"<p>R\u00e9g\u00e9n\u00e9ration du SF<sub>6<\/sub> usag\u00e9 apr\u00e8s analyse du produit r\u00e9cup\u00e9r\u00e9.<\/p>\n","protected":false},"featured_media":199621,"comment_status":"open","ping_status":"closed","template":"","meta":[],"countries":[4674,4709,4756,4813,4831,4862],"product_brand":[],"product_cat":[9954,9990,13065,13073,13395],"product_tag":[],"class_list":{"0":"post-199620","1":"product","2":"type-product","3":"status-publish","4":"has-post-thumbnail","6":"countries-by","7":"countries-cu","8":"countries-ir","9":"countries-kp","10":"countries-ru","11":"countries-sy","12":"product_cat-energie","13":"product_cat-autres-industries","14":"product_cat-protection-dielectrique-sf6","15":"product_cat-dementelement-destruction","16":"product_cat-recuperation-regeneration","18":"first","19":"instock","20":"shipping-taxable","21":"purchasable","22":"product-type-simple"},"_links":{"self":[{"href":"https:\/\/climalife.com\/fr\/wp-json\/wp\/v2\/product\/199620","targetHints":{"allow":["GET"]}}],"collection":[{"href":"https:\/\/climalife.com\/fr\/wp-json\/wp\/v2\/product"}],"about":[{"href":"https:\/\/climalife.com\/fr\/wp-json\/wp\/v2\/types\/product"}],"replies":[{"embeddable":true,"href":"https:\/\/climalife.com\/fr\/wp-json\/wp\/v2\/comments?post=199620"}],"wp:featuredmedia":[{"embeddable":true,"href":"https:\/\/climalife.com\/fr\/wp-json\/wp\/v2\/media\/199621"}],"wp:attachment":[{"href":"https:\/\/climalife.com\/fr\/wp-json\/wp\/v2\/media?parent=199620"}],"wp:term":[{"taxonomy":"countries","embeddable":true,"href":"https:\/\/climalife.com\/fr\/wp-json\/wp\/v2\/countries?post=199620"},{"taxonomy":"product_brand","embeddable":true,"href":"https:\/\/climalife.com\/fr\/wp-json\/wp\/v2\/product_brand?post=199620"},{"taxonomy":"product_cat","embeddable":true,"href":"https:\/\/climalife.com\/fr\/wp-json\/wp\/v2\/product_cat?post=199620"},{"taxonomy":"product_tag","embeddable":true,"href":"https:\/\/climalife.com\/fr\/wp-json\/wp\/v2\/product_tag?post=199620"}],"curies":[{"name":"wp","href":"https:\/\/api.w.org\/{rel}","templated":true}]}}