{"id":199622,"date":"2023-05-26T17:09:39","date_gmt":"2023-05-26T17:09:39","guid":{"rendered":"https:\/\/climalife.com\/?post_type=product&#038;p=199622"},"modified":"2023-09-15T15:32:34","modified_gmt":"2023-09-15T15:32:34","slug":"reepreuve-contenant-sf6","status":"publish","type":"product","link":"https:\/\/climalife.com\/fr\/product\/reepreuve-contenant-sf6\/","title":{"rendered":"R\u00e9\u00e9preuve contenant SF6"},"content":{"rendered":"<p>Chaque emballage est r\u00e9-\u00e9prouv\u00e9 tous les 10 ans ou tous les 5 ans s&#8217;il a contenu du SF<sub>6<\/sub> pollu\u00e9. Climalife est habilit\u00e9 \u00e0 r\u00e9-\u00e9prouver les emballages poin\u00e7onn\u00e9s t\u00eate de cheval (R\u00e9glementation fran\u00e7aise), et poin\u00e7onn\u00e9s TT (R\u00e9glementation europ\u00e9enne).<br \/>\nPrestations propos\u00e9es : inertage, nettoyage des emballages et mise sous atmosph\u00e8re neutre, peinture, marquage, changement de robinet, destruction des emballages en fin de vie.<\/p>\n","protected":false},"excerpt":{"rendered":"<p>Tout emballage doit faire l&#8217;objet d&#8217;une r\u00e9-\u00e9preuve p\u00e9riodique pour tester sa r\u00e9sistance et sa capacit\u00e9 \u00e0 contenir du SF<sub>6<\/sub>.<\/p>\n","protected":false},"featured_media":199623,"comment_status":"open","ping_status":"closed","template":"","meta":[],"countries":[4674,4709,4756,4813,4831,4862],"product_brand":[],"product_cat":[9954,13393,13065],"product_tag":[],"class_list":{"0":"post-199622","1":"product","2":"type-product","3":"status-publish","4":"has-post-thumbnail","6":"countries-by","7":"countries-cu","8":"countries-ir","9":"countries-kp","10":"countries-ru","11":"countries-sy","12":"product_cat-energie","13":"product_cat-gestion-des-emballages-services","14":"product_cat-protection-dielectrique-sf6","16":"first","17":"instock","18":"shipping-taxable","19":"purchasable","20":"product-type-simple"},"_links":{"self":[{"href":"https:\/\/climalife.com\/fr\/wp-json\/wp\/v2\/product\/199622","targetHints":{"allow":["GET"]}}],"collection":[{"href":"https:\/\/climalife.com\/fr\/wp-json\/wp\/v2\/product"}],"about":[{"href":"https:\/\/climalife.com\/fr\/wp-json\/wp\/v2\/types\/product"}],"replies":[{"embeddable":true,"href":"https:\/\/climalife.com\/fr\/wp-json\/wp\/v2\/comments?post=199622"}],"wp:featuredmedia":[{"embeddable":true,"href":"https:\/\/climalife.com\/fr\/wp-json\/wp\/v2\/media\/199623"}],"wp:attachment":[{"href":"https:\/\/climalife.com\/fr\/wp-json\/wp\/v2\/media?parent=199622"}],"wp:term":[{"taxonomy":"countries","embeddable":true,"href":"https:\/\/climalife.com\/fr\/wp-json\/wp\/v2\/countries?post=199622"},{"taxonomy":"product_brand","embeddable":true,"href":"https:\/\/climalife.com\/fr\/wp-json\/wp\/v2\/product_brand?post=199622"},{"taxonomy":"product_cat","embeddable":true,"href":"https:\/\/climalife.com\/fr\/wp-json\/wp\/v2\/product_cat?post=199622"},{"taxonomy":"product_tag","embeddable":true,"href":"https:\/\/climalife.com\/fr\/wp-json\/wp\/v2\/product_tag?post=199622"}],"curies":[{"name":"wp","href":"https:\/\/api.w.org\/{rel}","templated":true}]}}