{"id":199757,"date":"2023-07-12T08:40:59","date_gmt":"2023-07-12T08:40:59","guid":{"rendered":"https:\/\/climalife.com\/?post_type=product&#038;p=199757"},"modified":"2026-03-06T15:30:05","modified_gmt":"2026-03-06T15:30:05","slug":"detecteur-d-tek-stratus","status":"publish","type":"product","link":"https:\/\/climalife.com\/fr\/product\/detecteur-d-tek-stratus\/","title":{"rendered":"D\u00e9tecteur D-TEK Stratus"},"content":{"rendered":"<p><strong>D-TEK Stratus \u2013 Fluides frigorig\u00e8nes<\/strong><\/p>\n<p>Equip\u00e9 d\u2019une sonde avec capteur infrarouge pour d\u00e9tecter les fluides frigorig\u00e8nes HCFC, HFC, HFO et les m\u00e9langes \u00e0 base de HFC\/HFO y compris les fluides class\u00e9s A2L. Il d\u00e9tecte aussi le SF<sub>6<\/sub>.\u00a0 Deux capteurs compatibles sont disponibles en option pour d\u00e9tecter le CO\u2082 (R-744) et les hydrocarbures (R-290, R-600a etc.)<\/p>\n<p><strong>D-TEK Stratus \u2013 CO\u2082<\/strong><\/p>\n<p>Equip\u00e9 d&#8217;une sonde avec capteur infrarouge pour d\u00e9tecter le CO\u2082. Deux capteurs compatibles sont disponibles en option pour d\u00e9tecter les fluides frigorig\u00e8nes et les fluides hautement inflammables hydrocarbures (R-290, R-600a).<\/p>\n","protected":false},"excerpt":{"rendered":"<p>Le d\u00e9tecteur portable D-TEK Stratus existe en 2 versions avec plusieurs capteurs compatibles : fluides frigorig\u00e8nes A1 et A2L (HFC, HFO et m\u00e9langes HFC\/HFO), CO\u2082 (R-744) et hydrocarbures (R-290, R-600a). La fuite est signal\u00e9e par une alarme sonore et un affichage digital pour une lecture en temps r\u00e9el du niveau de fuite en ppm sur un grand \u00e9cran LCD. Deux modes de fonctionnement\u202f: \u00ab Cloud Hunting \u00bb et \u00ab\u202fPinpoint\u202f\u00bb. Autres avantages\u202f: batteries lithium-ion rechargeables, charge rapide, remplacement facile, \u00e9couteurs inclus, 2 chargeurs AC et DC pour voiture.<\/p>\n","protected":false},"featured_media":201620,"comment_status":"open","ping_status":"closed","template":"","meta":[],"countries":[4674,4709,4756,4813,4831,4862],"product_brand":[],"product_cat":[13125,9370],"product_tag":[],"class_list":{"0":"post-199757","1":"product","2":"type-product","3":"status-publish","4":"has-post-thumbnail","6":"countries-by","7":"countries-cu","8":"countries-ir","9":"countries-kp","10":"countries-ru","11":"countries-sy","12":"product_cat-refrigeration-fr","13":"product_cat-detection-portable","15":"first","16":"instock","17":"shipping-taxable","18":"purchasable","19":"product-type-variable"},"_links":{"self":[{"href":"https:\/\/climalife.com\/fr\/wp-json\/wp\/v2\/product\/199757","targetHints":{"allow":["GET"]}}],"collection":[{"href":"https:\/\/climalife.com\/fr\/wp-json\/wp\/v2\/product"}],"about":[{"href":"https:\/\/climalife.com\/fr\/wp-json\/wp\/v2\/types\/product"}],"replies":[{"embeddable":true,"href":"https:\/\/climalife.com\/fr\/wp-json\/wp\/v2\/comments?post=199757"}],"wp:featuredmedia":[{"embeddable":true,"href":"https:\/\/climalife.com\/fr\/wp-json\/wp\/v2\/media\/201620"}],"wp:attachment":[{"href":"https:\/\/climalife.com\/fr\/wp-json\/wp\/v2\/media?parent=199757"}],"wp:term":[{"taxonomy":"countries","embeddable":true,"href":"https:\/\/climalife.com\/fr\/wp-json\/wp\/v2\/countries?post=199757"},{"taxonomy":"product_brand","embeddable":true,"href":"https:\/\/climalife.com\/fr\/wp-json\/wp\/v2\/product_brand?post=199757"},{"taxonomy":"product_cat","embeddable":true,"href":"https:\/\/climalife.com\/fr\/wp-json\/wp\/v2\/product_cat?post=199757"},{"taxonomy":"product_tag","embeddable":true,"href":"https:\/\/climalife.com\/fr\/wp-json\/wp\/v2\/product_tag?post=199757"}],"curies":[{"name":"wp","href":"https:\/\/api.w.org\/{rel}","templated":true}]}}