{"id":209586,"date":"2023-09-14T13:13:44","date_gmt":"2023-09-14T13:13:44","guid":{"rendered":"https:\/\/climalife.com\/?post_type=product&#038;p=209586"},"modified":"2025-06-06T15:12:01","modified_gmt":"2025-06-06T15:12:01","slug":"detecteur-glaciar-midi","status":"publish","type":"product","link":"https:\/\/climalife.com\/fr\/product\/detecteur-glaciar-midi\/","title":{"rendered":"D\u00e9tecteur GLACI\u00c4R MIDI"},"content":{"rendered":"<p>GLACI\u00c4R MIDI existe en deux versions 1 avec sonde int\u00e9gr\u00e9e et 1 avec sonde d\u00e9port\u00e9e. C\u2019est un capteur-\u00e9metteur \u00e9quip\u00e9 d\u2019une sonde avec 2 niveaux d\u2019alarme, qui peut \u00eatre utilis\u00e9 soit en d\u00e9tecteur autonome soit raccord\u00e9 \u00e0 un syst\u00e8me de contr\u00f4le (exemple GTC) via une liaison Modbus. Il poss\u00e8de 2 sorties relais pour les niveaux d\u2019alarme haut et bas ainsi qu\u2019une sortie analogique pouvant activer des \u00e9quipements ext\u00e9rieurs de s\u00e9curit\u00e9 type vanne, ventilateur et\/ou alarme g\u00e9n\u00e9rale.<\/p>\n<p>5 types de d\u00e9tecteurs sont disponibles en fonction du fluide frigorig\u00e8ne :<\/p>\n<ul>\n<li>GLACI\u00c4R MIDI Groupe 1 (plage d\u00e9tection 0-1000 ppm) : R-32, R407A, R-407C, R-407F, R-410A, R-448A, R-449A, R-452A, R-452B, R-454A, R-454B, R-454C, R-455A, R-507A.<\/li>\n<li>GLACI\u00c4R MIDI Groupe 2 (plage d\u00e9tection 0-1000 ppm) : R-1233zd, R-1234yf, R-1234ze, R-134a, R-22, R-404A, R-450A, R-513A.<\/li>\n<li>GLACI\u00c4R MIDI Groupe 3 (HC &#8211; plage d\u00e9tection 0-4000 ppm) : R-290, R-600a, R1270<\/li>\n<li>GLACI\u00c4R MIDI CO<sub>2<\/sub> (plage d\u00e9tection 0-10000 ppm) : R-744<\/li>\n<li>GLACI\u00c4R MIDI NH<sub>3<\/sub> (plage d\u00e9tection 0-100 \/ 0-1000 \/ 0-5000 ppm) : R-717<\/li>\n<\/ul>\n<p>&nbsp;<\/p>\n","protected":false},"excerpt":{"rendered":"<p>Le contr\u00f4leur d\u2019ambiance <strong>GLACI<\/strong><strong>\u00c4<\/strong><strong>R MIDI <\/strong>est un d\u00e9tecteur de fuites de fluides frigorig\u00e8nes \u00e0 poste fixe de marque SAMON pour toutes les installations frigorifiques de climatisation et de r\u00e9frig\u00e9ration.<\/p>\n","protected":false},"featured_media":209589,"comment_status":"open","ping_status":"closed","template":"","meta":[],"countries":[4674,4709,4756,4813,4831,4862],"product_brand":[],"product_cat":[9945,9936,13056,13125,9262],"product_tag":[],"class_list":{"0":"post-209586","1":"product","2":"type-product","3":"status-publish","4":"has-post-thumbnail","6":"countries-by","7":"countries-cu","8":"countries-ir","9":"countries-kp","10":"countries-ru","11":"countries-sy","12":"product_cat-batiment","13":"product_cat-agroalimentaire","14":"product_cat-climatisation","15":"product_cat-refrigeration-fr","16":"product_cat-detection-fixe","18":"first","19":"instock","20":"shipping-taxable","21":"purchasable","22":"product-type-variable","23":"has-default-attributes"},"_links":{"self":[{"href":"https:\/\/climalife.com\/fr\/wp-json\/wp\/v2\/product\/209586","targetHints":{"allow":["GET"]}}],"collection":[{"href":"https:\/\/climalife.com\/fr\/wp-json\/wp\/v2\/product"}],"about":[{"href":"https:\/\/climalife.com\/fr\/wp-json\/wp\/v2\/types\/product"}],"replies":[{"embeddable":true,"href":"https:\/\/climalife.com\/fr\/wp-json\/wp\/v2\/comments?post=209586"}],"wp:featuredmedia":[{"embeddable":true,"href":"https:\/\/climalife.com\/fr\/wp-json\/wp\/v2\/media\/209589"}],"wp:attachment":[{"href":"https:\/\/climalife.com\/fr\/wp-json\/wp\/v2\/media?parent=209586"}],"wp:term":[{"taxonomy":"countries","embeddable":true,"href":"https:\/\/climalife.com\/fr\/wp-json\/wp\/v2\/countries?post=209586"},{"taxonomy":"product_brand","embeddable":true,"href":"https:\/\/climalife.com\/fr\/wp-json\/wp\/v2\/product_brand?post=209586"},{"taxonomy":"product_cat","embeddable":true,"href":"https:\/\/climalife.com\/fr\/wp-json\/wp\/v2\/product_cat?post=209586"},{"taxonomy":"product_tag","embeddable":true,"href":"https:\/\/climalife.com\/fr\/wp-json\/wp\/v2\/product_tag?post=209586"}],"curies":[{"name":"wp","href":"https:\/\/api.w.org\/{rel}","templated":true}]}}