{"id":212807,"date":"2023-11-14T15:23:12","date_gmt":"2023-11-14T15:23:12","guid":{"rendered":"https:\/\/climalife.com\/?post_type=product&#038;p=212807"},"modified":"2025-03-21T13:45:55","modified_gmt":"2025-03-21T13:45:55","slug":"detecteur-fixe-rmv-hfc","status":"publish","type":"product","link":"https:\/\/climalife.com\/fr\/product\/detecteur-fixe-rmv-hfc\/","title":{"rendered":"D\u00e9tecteur fixe RMV-HFC"},"content":{"rendered":"<p>Il est con\u00e7u pour assurer une surveillance continue et tr\u00e8s efficace dans diverses applications typiques telles que les h\u00f4tels, les bureaux et les immeubles d&#8217;habitations. Il est \u00e9labor\u00e9 pour un montage dans un bo\u00eetier encastrable dans un mur, pour un maximum de discr\u00e9tion.<\/p>\n<p>Il dispose de 3 niveaux d&#8217;alarme :<\/p>\n<ul>\n<li>Niveau 1 : si concentration entre 1000 et 4000 ppm sur une dur\u00e9e inf\u00e9rieure \u00e0 30 minutes : pas d&#8217;alerte sonore et pulsation de la LED rouge<\/li>\n<li>Niveau 2 : si concentration entre 1000 et 4000 ppm sur une dur\u00e9e sup\u00e9rieure \u00e0 30 minutes : 2 alertes sonores\/minute et pulsation de la LED rouge<\/li>\n<li>Niveau 3 : si concentration sup\u00e9rieure \u00e0 4000 ppm sur une dur\u00e9e d&#8217;au moins 30 secondes : 4 alertes sonores\/minute et pulsation rouge de la LED<\/li>\n<\/ul>\n<p>Les alarmes sonores et visuelles communiquent simultan\u00e9ment avec les syst\u00e8mes de surveillances des locaux via un relai d&#8217;alarme Single Pole Double Throw (SPDT) et une sortie avec relais communs.<\/p>\n","protected":false},"excerpt":{"rendered":"<p>Le contr\u00f4leur d&#8217;ambiance RMV-HFC de la marque SAMON est un d\u00e9tecteur de fuites de fluides frigorig\u00e8nes utilis\u00e9 dans les syst\u00e8mes de r\u00e9frig\u00e9ration et de climatisation \u00e0 grand volume tels que les VRF\/VRV.<\/p>\n","protected":false},"featured_media":212810,"comment_status":"open","ping_status":"closed","template":"","meta":[],"countries":[4674,4709,4756,4813,4831,4862],"product_brand":[],"product_cat":[9945,13056,13125,9262],"product_tag":[],"class_list":{"0":"post-212807","1":"product","2":"type-product","3":"status-publish","4":"has-post-thumbnail","6":"countries-by","7":"countries-cu","8":"countries-ir","9":"countries-kp","10":"countries-ru","11":"countries-sy","12":"product_cat-batiment","13":"product_cat-climatisation","14":"product_cat-refrigeration-fr","15":"product_cat-detection-fixe","17":"first","18":"instock","19":"shipping-taxable","20":"purchasable","21":"product-type-simple"},"_links":{"self":[{"href":"https:\/\/climalife.com\/fr\/wp-json\/wp\/v2\/product\/212807","targetHints":{"allow":["GET"]}}],"collection":[{"href":"https:\/\/climalife.com\/fr\/wp-json\/wp\/v2\/product"}],"about":[{"href":"https:\/\/climalife.com\/fr\/wp-json\/wp\/v2\/types\/product"}],"replies":[{"embeddable":true,"href":"https:\/\/climalife.com\/fr\/wp-json\/wp\/v2\/comments?post=212807"}],"wp:featuredmedia":[{"embeddable":true,"href":"https:\/\/climalife.com\/fr\/wp-json\/wp\/v2\/media\/212810"}],"wp:attachment":[{"href":"https:\/\/climalife.com\/fr\/wp-json\/wp\/v2\/media?parent=212807"}],"wp:term":[{"taxonomy":"countries","embeddable":true,"href":"https:\/\/climalife.com\/fr\/wp-json\/wp\/v2\/countries?post=212807"},{"taxonomy":"product_brand","embeddable":true,"href":"https:\/\/climalife.com\/fr\/wp-json\/wp\/v2\/product_brand?post=212807"},{"taxonomy":"product_cat","embeddable":true,"href":"https:\/\/climalife.com\/fr\/wp-json\/wp\/v2\/product_cat?post=212807"},{"taxonomy":"product_tag","embeddable":true,"href":"https:\/\/climalife.com\/fr\/wp-json\/wp\/v2\/product_tag?post=212807"}],"curies":[{"name":"wp","href":"https:\/\/api.w.org\/{rel}","templated":true}]}}