{"id":213735,"date":"2024-01-15T10:39:30","date_gmt":"2024-01-15T10:39:30","guid":{"rendered":"https:\/\/climalife.com\/?post_type=product&#038;p=213735"},"modified":"2025-12-11T09:09:37","modified_gmt":"2025-12-11T09:09:37","slug":"solufluid-energy","status":"publish","type":"product","link":"https:\/\/climalife.com\/fr\/product\/solufluid-energy\/","title":{"rendered":"Solufluid\u00ae Energy"},"content":{"rendered":"<p><span data-contrast=\"auto\">Solufluid<sup>\u00ae<\/sup>\u202fEnergy, test\u00e9 \u00e0 haute temp\u00e9rature, peut supporter des p\u00e9riodes de stagnation au-del\u00e0 de +150 \u00b0C, notamment en p\u00e9riode estivale.<\/span><span data-ccp-props=\"{&quot;134233117&quot;:true,&quot;134233118&quot;:true,&quot;201341983&quot;:0,&quot;335559740&quot;:240}\">\u00a0 Il <\/span><span data-contrast=\"auto\">assure une protection efficace contre le gel et contre la corrosion des m\u00e9taux pr\u00e9sents dans les installations (acier, aluminium, cuivre, laiton, soudure, etc\u2026). Il \u00e9vite la formation de boue dans les circuits ainsi que l\u2019encrassement des capteurs solaires et circuits enterr\u00e9s. <\/span><span data-ccp-props=\"{&quot;134233117&quot;:true,&quot;134233118&quot;:true,&quot;201341983&quot;:0,&quot;335559740&quot;:240}\">\u00a0<\/span><\/p>\n<p><span data-contrast=\"auto\">Sa coloration jaune permet son identification imm\u00e9diate.<\/span><\/p>\n","protected":false},"excerpt":{"rendered":"<p>Solufluid\u202fEnergy est un fluide caloporteur <strong>pr\u00eat \u00e0 l\u2019emploi<\/strong> \u00e0 base de MPG et d\u2019inhibiteurs de corrosion pour<strong> les circuits de production d\u2019eau chaude sanitaire<\/strong> comportant <strong>des capteurs solaires thermiques plans ou tubulaires<\/strong> sous vide, et pour<strong> des syst\u00e8mes de pompes \u00e0 chaleur g\u00e9othermiques<\/strong> (circuits de capteurs enterr\u00e9s) ainsi qu\u2019a\u00e9rothermiques.<\/p>\n","protected":false},"featured_media":213736,"comment_status":"closed","ping_status":"closed","template":"","meta":[],"countries":[4674,4709,4756,4813,4831,4862],"product_brand":[],"product_cat":[9945,9954,9990,13091,13134,13533],"product_tag":[],"class_list":{"0":"post-213735","1":"product","2":"type-product","3":"status-publish","4":"has-post-thumbnail","6":"countries-by","7":"countries-cu","8":"countries-ir","9":"countries-kp","10":"countries-ru","11":"countries-sy","12":"product_cat-batiment","13":"product_cat-energie","14":"product_cat-autres-industries","15":"product_cat-chauffage","16":"product_cat-energie-renouvelable","17":"product_cat-mpg-fr","18":"pa_packaging-bidon-20-l-fr-174","19":"pa_packaging-conteneur-1000-kg-fr-139","20":"pa_packaging-fut-210-l-fr-28","21":"pa_protection-20c-fr-146","22":"pa_protection-25c-fr-233","24":"first","25":"instock","26":"shipping-taxable","27":"purchasable","28":"product-type-variable"},"_links":{"self":[{"href":"https:\/\/climalife.com\/fr\/wp-json\/wp\/v2\/product\/213735","targetHints":{"allow":["GET"]}}],"collection":[{"href":"https:\/\/climalife.com\/fr\/wp-json\/wp\/v2\/product"}],"about":[{"href":"https:\/\/climalife.com\/fr\/wp-json\/wp\/v2\/types\/product"}],"replies":[{"embeddable":true,"href":"https:\/\/climalife.com\/fr\/wp-json\/wp\/v2\/comments?post=213735"}],"wp:featuredmedia":[{"embeddable":true,"href":"https:\/\/climalife.com\/fr\/wp-json\/wp\/v2\/media\/213736"}],"wp:attachment":[{"href":"https:\/\/climalife.com\/fr\/wp-json\/wp\/v2\/media?parent=213735"}],"wp:term":[{"taxonomy":"countries","embeddable":true,"href":"https:\/\/climalife.com\/fr\/wp-json\/wp\/v2\/countries?post=213735"},{"taxonomy":"product_brand","embeddable":true,"href":"https:\/\/climalife.com\/fr\/wp-json\/wp\/v2\/product_brand?post=213735"},{"taxonomy":"product_cat","embeddable":true,"href":"https:\/\/climalife.com\/fr\/wp-json\/wp\/v2\/product_cat?post=213735"},{"taxonomy":"product_tag","embeddable":true,"href":"https:\/\/climalife.com\/fr\/wp-json\/wp\/v2\/product_tag?post=213735"}],"curies":[{"name":"wp","href":"https:\/\/api.w.org\/{rel}","templated":true}]}}