{"id":213972,"date":"2024-02-12T15:51:53","date_gmt":"2024-02-12T15:51:53","guid":{"rendered":"https:\/\/climalife.com\/?post_type=product&#038;p=213972"},"modified":"2024-04-16T14:04:55","modified_gmt":"2024-04-16T14:04:55","slug":"climapp-suivi-dinterventions-tracabilite-dechets","status":"publish","type":"product","link":"https:\/\/climalife.com\/fr\/product\/climapp-suivi-dinterventions-tracabilite-dechets\/","title":{"rendered":"Clim&#8217;app : suivi d&#8217;interventions, tra\u00e7abilit\u00e9, d\u00e9chets"},"content":{"rendered":"<p>G\u00e9n\u00e9rez les documents r\u00e9glementaires pour chaque intervention devient automatique, en quelques clics.<br \/>\nLes tableaux de bord de synth\u00e8se et de suivi des interventions sont disponibles sur l&#8217;interface web, la gestion des stocks de fluides et de contenants est \u00e9galement mise \u00e0 disposition. Les rappels d&#8217;\u00e9ch\u00e9ances des contr\u00f4les d&#8217;\u00e9tanch\u00e9it\u00e9 et de contr\u00f4le des d\u00e9tecteurs de fuite sont visibles sur le back office.<\/p>\n<p>Il existe 4 forfaits en fonction du nombre d&#8217;utilisateurs :<\/p>\n<ul>\n<li>de 1 \u00e0 4 utilisateurs : forfait Rando +<\/li>\n<li>de 5 \u00e0 12 utilisateurs : forfait Trail +<\/li>\n<li>de 13 \u00e0 30 utilisateurs : forfait Treck +<\/li>\n<li>de 31 \u00e0 50 utilisateurs : forfait Sherpa +<\/li>\n<\/ul>\n<p>Cet outil vous apporte un confort dans la gestion de vos installations frigorifiques, demandez-nous une d\u00e9monstration, r\u00e9servez votre cr\u00e9neau et d\u00e9couvrez l&#8217;application sur le <a href=\"https:\/\/www.climapp.dehon.com\/fr\/\" rel=\"noopener\"><strong><span style=\"color: #3366ff;\">site Clim&#8217;app.<\/span><\/strong><\/a><\/p>\n<p>&nbsp;<\/p>\n","protected":false},"excerpt":{"rendered":"<p class=\"title\">Clim&#8217;app est une solution mobile simple et adapt\u00e9e pour r\u00e9pondre aux probl\u00e9matiques rencontr\u00e9es par les professionnels du froid, lors de leurs interventions sur les installations frigorifiques.<\/p>\n<p class=\"description\">\n","protected":false},"featured_media":213973,"comment_status":"closed","ping_status":"closed","template":"","meta":[],"countries":[4674,4709,4756,4813,4831,4862],"product_brand":[],"product_cat":[9945,15059,9936,9990,13056,13065,13073,13125],"product_tag":[],"class_list":{"0":"post-213972","1":"product","2":"type-product","3":"status-publish","4":"has-post-thumbnail","6":"countries-by","7":"countries-cu","8":"countries-ir","9":"countries-kp","10":"countries-ru","11":"countries-sy","12":"product_cat-batiment","13":"product_cat-climapp-fr","14":"product_cat-agroalimentaire","15":"product_cat-autres-industries","16":"product_cat-climatisation","17":"product_cat-protection-dielectrique-sf6","18":"product_cat-dementelement-destruction","19":"product_cat-refrigeration-fr","21":"first","22":"instock","23":"shipping-taxable","24":"purchasable","25":"product-type-variable"},"_links":{"self":[{"href":"https:\/\/climalife.com\/fr\/wp-json\/wp\/v2\/product\/213972","targetHints":{"allow":["GET"]}}],"collection":[{"href":"https:\/\/climalife.com\/fr\/wp-json\/wp\/v2\/product"}],"about":[{"href":"https:\/\/climalife.com\/fr\/wp-json\/wp\/v2\/types\/product"}],"replies":[{"embeddable":true,"href":"https:\/\/climalife.com\/fr\/wp-json\/wp\/v2\/comments?post=213972"}],"wp:featuredmedia":[{"embeddable":true,"href":"https:\/\/climalife.com\/fr\/wp-json\/wp\/v2\/media\/213973"}],"wp:attachment":[{"href":"https:\/\/climalife.com\/fr\/wp-json\/wp\/v2\/media?parent=213972"}],"wp:term":[{"taxonomy":"countries","embeddable":true,"href":"https:\/\/climalife.com\/fr\/wp-json\/wp\/v2\/countries?post=213972"},{"taxonomy":"product_brand","embeddable":true,"href":"https:\/\/climalife.com\/fr\/wp-json\/wp\/v2\/product_brand?post=213972"},{"taxonomy":"product_cat","embeddable":true,"href":"https:\/\/climalife.com\/fr\/wp-json\/wp\/v2\/product_cat?post=213972"},{"taxonomy":"product_tag","embeddable":true,"href":"https:\/\/climalife.com\/fr\/wp-json\/wp\/v2\/product_tag?post=213972"}],"curies":[{"name":"wp","href":"https:\/\/api.w.org\/{rel}","templated":true}]}}