{"id":215199,"date":"2024-04-19T09:47:33","date_gmt":"2024-04-19T09:47:33","guid":{"rendered":"https:\/\/climalife.com\/product\/r-454c\/"},"modified":"2025-04-11T14:11:27","modified_gmt":"2025-04-11T14:11:27","slug":"r-454c","status":"publish","type":"product","link":"https:\/\/climalife.com\/fr\/product\/r-454c\/","title":{"rendered":"R-454C"},"content":{"rendered":"<p>Il peut \u00eatre utilis\u00e9 en installations neuves de r\u00e9frig\u00e9ration n\u00e9gative et positive, commerciale ou industrielle, en d\u00e9tente directe pour les groupes de condensation, les chambres froides et les syst\u00e8mes autonomes qui \u00e9taient habituellement au R-404A.<\/p>\n","protected":false},"excerpt":{"rendered":"<p>Le R-454C est un m\u00e9lange non az\u00e9otropique \u00e0 base de HFC et HFO avec un tr\u00e8s faible GWP &lt;150 class\u00e9 A2L.<\/p>\n","protected":false},"featured_media":211264,"comment_status":"closed","ping_status":"closed","template":"","meta":[],"countries":[4674,4709,4756,4813,4831,4862],"product_brand":[],"product_cat":[9945,9936,9963,9990,13056,13125,13134,9604],"product_tag":[],"class_list":{"0":"post-215199","1":"product","2":"type-product","3":"status-publish","4":"has-post-thumbnail","6":"countries-by","7":"countries-cu","8":"countries-ir","9":"countries-kp","10":"countries-ru","11":"countries-sy","12":"product_cat-batiment","13":"product_cat-agroalimentaire","14":"product_cat-sante-bien-etre","15":"product_cat-autres-industries","16":"product_cat-climatisation","17":"product_cat-refrigeration-fr","18":"product_cat-energie-renouvelable","19":"product_cat-melanges-hfc-hfo","20":"pa_packaging-bouteille-52-l-fr-72","21":"pa_packaging-friostar-fr-69","22":"pa_packaging-ministar-fr-339","24":"first","25":"instock","26":"shipping-taxable","27":"purchasable","28":"product-type-variable"},"_links":{"self":[{"href":"https:\/\/climalife.com\/fr\/wp-json\/wp\/v2\/product\/215199","targetHints":{"allow":["GET"]}}],"collection":[{"href":"https:\/\/climalife.com\/fr\/wp-json\/wp\/v2\/product"}],"about":[{"href":"https:\/\/climalife.com\/fr\/wp-json\/wp\/v2\/types\/product"}],"replies":[{"embeddable":true,"href":"https:\/\/climalife.com\/fr\/wp-json\/wp\/v2\/comments?post=215199"}],"wp:featuredmedia":[{"embeddable":true,"href":"https:\/\/climalife.com\/fr\/wp-json\/wp\/v2\/media\/211264"}],"wp:attachment":[{"href":"https:\/\/climalife.com\/fr\/wp-json\/wp\/v2\/media?parent=215199"}],"wp:term":[{"taxonomy":"countries","embeddable":true,"href":"https:\/\/climalife.com\/fr\/wp-json\/wp\/v2\/countries?post=215199"},{"taxonomy":"product_brand","embeddable":true,"href":"https:\/\/climalife.com\/fr\/wp-json\/wp\/v2\/product_brand?post=215199"},{"taxonomy":"product_cat","embeddable":true,"href":"https:\/\/climalife.com\/fr\/wp-json\/wp\/v2\/product_cat?post=215199"},{"taxonomy":"product_tag","embeddable":true,"href":"https:\/\/climalife.com\/fr\/wp-json\/wp\/v2\/product_tag?post=215199"}],"curies":[{"name":"wp","href":"https:\/\/api.w.org\/{rel}","templated":true}]}}