{"id":215225,"date":"2024-04-22T12:23:17","date_gmt":"2024-04-22T12:23:17","guid":{"rendered":"https:\/\/climalife.com\/?post_type=product&#038;p=215225"},"modified":"2025-01-31T14:53:01","modified_gmt":"2025-01-31T14:53:01","slug":"duonett","status":"publish","type":"product","link":"https:\/\/climalife.com\/fr\/product\/duonett\/","title":{"rendered":"Duonett\u00ae"},"content":{"rendered":"<p><span data-contrast=\"none\">Il est utilisable dans les \u00e9changeurs thermiques (condenseurs et \u00e9vaporateurs \u00e0 eau), les chaudi\u00e8res, les circuits et canalisations d\u2019eau, et \u00e9galement dans les tours a\u00e9ror\u00e9frig\u00e9rantes. DUONETT<sup>\u00ae<\/sup> est facile d\u2019emploi et biod\u00e9gradable.<\/span><span data-ccp-props=\"{&quot;335551550&quot;:6,&quot;335551620&quot;:6,&quot;335559737&quot;:22}\">\u00a0<\/span>Disponible en bidons de 5 litres et 20 litres ou en f\u00fbt de 225 litres.<\/p>\n<p><strong>Cette nouvelle formule remplace le Duonett<sup>\u00ae <\/sup>D7.<\/strong><\/p>\n","protected":false},"excerpt":{"rendered":"<p><strong>Le DUONETT<\/strong><sup>\u00ae<\/sup> est un d\u00e9tartrant liquide \u00e0 usage industriel, destin\u00e9 \u00e0 dissoudre le tartre et le calcaire, et \u00e0 \u00e9liminer les boues et les d\u00e9p\u00f4ts de rouille dans les installations v\u00e9hiculant de l\u2019eau.<\/p>\n","protected":false},"featured_media":215229,"comment_status":"closed","ping_status":"closed","template":"","meta":[],"countries":[4674,4709,4756,4813,4831,4862],"product_brand":[],"product_cat":[9981,9936,9990,9945,13091,13056,9954,13134,9352,13125,9963],"product_tag":[],"class_list":{"0":"post-215225","1":"product","2":"type-product","3":"status-publish","4":"has-post-thumbnail","6":"countries-by","7":"countries-cu","8":"countries-ir","9":"countries-kp","10":"countries-ru","11":"countries-sy","12":"product_cat-aeronautique-aerospatial-defense","13":"product_cat-agroalimentaire","14":"product_cat-autres-industries","15":"product_cat-batiment","16":"product_cat-chauffage","17":"product_cat-climatisation","18":"product_cat-energie","19":"product_cat-energie-renouvelable","20":"product_cat-nettoyage-interne-des-circuits-frigoporteurs-caloporteurs","21":"product_cat-refrigeration-fr","22":"product_cat-sante-bien-etre","23":"pa_packaging-bidon-20-l-fr-174","24":"pa_packaging-bidon-5-l-fr-35","25":"pa_packaging-fut-225-l-fr-37","27":"first","28":"instock","29":"shipping-taxable","30":"purchasable","31":"product-type-variable"},"_links":{"self":[{"href":"https:\/\/climalife.com\/fr\/wp-json\/wp\/v2\/product\/215225","targetHints":{"allow":["GET"]}}],"collection":[{"href":"https:\/\/climalife.com\/fr\/wp-json\/wp\/v2\/product"}],"about":[{"href":"https:\/\/climalife.com\/fr\/wp-json\/wp\/v2\/types\/product"}],"replies":[{"embeddable":true,"href":"https:\/\/climalife.com\/fr\/wp-json\/wp\/v2\/comments?post=215225"}],"wp:featuredmedia":[{"embeddable":true,"href":"https:\/\/climalife.com\/fr\/wp-json\/wp\/v2\/media\/215229"}],"wp:attachment":[{"href":"https:\/\/climalife.com\/fr\/wp-json\/wp\/v2\/media?parent=215225"}],"wp:term":[{"taxonomy":"countries","embeddable":true,"href":"https:\/\/climalife.com\/fr\/wp-json\/wp\/v2\/countries?post=215225"},{"taxonomy":"product_brand","embeddable":true,"href":"https:\/\/climalife.com\/fr\/wp-json\/wp\/v2\/product_brand?post=215225"},{"taxonomy":"product_cat","embeddable":true,"href":"https:\/\/climalife.com\/fr\/wp-json\/wp\/v2\/product_cat?post=215225"},{"taxonomy":"product_tag","embeddable":true,"href":"https:\/\/climalife.com\/fr\/wp-json\/wp\/v2\/product_tag?post=215225"}],"curies":[{"name":"wp","href":"https:\/\/api.w.org\/{rel}","templated":true}]}}